{"id":194,"date":"2026-02-10T02:43:17","date_gmt":"2026-02-10T02:43:17","guid":{"rendered":"https:\/\/hnlongtai.com\/?post_type=product&#038;p=194"},"modified":"2026-03-18T01:26:09","modified_gmt":"2026-03-18T01:26:09","slug":"optical-brightener","status":"publish","type":"product","link":"https:\/\/www.hnlongtai.com\/tr\/product\/optical-brightener\/","title":{"rendered":"Optik Parlat\u0131c\u0131"},"content":{"rendered":"<table>\n<tbody>\n<tr>\n<td width=\"414\">Optik parlat\u0131c\u0131 OB(FBA 184)<\/td>\n<\/tr>\n<tr>\n<td width=\"414\">G\u00f6r\u00fcn\u00fcm: a\u00e7\u0131k sar\u0131 veya s\u00fct beyaz toz<\/td>\n<\/tr>\n<tr>\n<td width=\"414\">Safl\u0131k: ,0Min<\/td>\n<\/tr>\n<tr>\n<td width=\"414\">Erime noktas\u0131: 201-205\u00b0C<\/td>\n<\/tr>\n<tr>\n<td width=\"414\">\u00c7\u00f6z\u00fcn\u00fcrl\u00fck: suda neredeyse hi\u00e7 \u00e7\u00f6z\u00fcnmez, ancak parafin, mineral ya\u011flar ve s\u0131radan organik \u00e7\u00f6z\u00fcc\u00fclerde \u00e7\u00f6z\u00fcn\u00fcr.<\/td>\n<\/tr>\n<tr>\n<td width=\"414\">Ambalaj: \u00c7ift PE torbalar i\u00e7inde 25KGS fiber davul.<\/td>\n<\/tr>\n<tr>\n<td width=\"414\">Kullan\u0131m: PVC,PS,PE,PP,ABS, termoplastik plastikler, Asetat elyaf, boya, kaplama ve bask\u0131 m\u00fcrekkebi vb. i\u00e7in iyi bir beyazlatma maddesi.<\/td>\n<\/tr>\n<\/tbody>\n<\/table>\n<table>\n<tbody>\n<tr>\n<td width=\"414\">Optik parlat\u0131c\u0131 OB-1(FBA 393)<\/td>\n<\/tr>\n<tr>\n<td width=\"414\">G\u00f6r\u00fcn\u00fcm: parlak sar\u0131ms\u0131 ye\u015fil kristaller toz<\/td>\n<\/tr>\n<tr>\n<td width=\"414\">Safl\u0131k: ,5Min<\/td>\n<\/tr>\n<tr>\n<td width=\"414\">Erime noktas\u0131: 355-360\u00b0C<\/td>\n<\/tr>\n<tr>\n<td width=\"414\">\u00c7\u00f6z\u00fcn\u00fcrl\u00fck: suda \u00e7\u00f6z\u00fcnmez, ancak fenil-klor\u00fcr gibi y\u00fcksek kaynama noktal\u0131 organik \u00e7\u00f6z\u00fcc\u00fcde \u00e7\u00f6z\u00fcn\u00fcr.<\/td>\n<\/tr>\n<tr>\n<td width=\"414\">Ambalaj: \u00c7ift PE torbalar i\u00e7inde 25KGS fiber davul.<\/td>\n<\/tr>\n<tr>\n<td width=\"414\">Kullan\u0131m: Polyester-pamuk kar\u0131\u015f\u0131m\u0131 kuma\u015f veya \u00e7e\u015fitli plastikler ve bunlar\u0131n \u00fcr\u00fcnleri i\u00e7in y\u00fcksek s\u0131cakl\u0131k alt\u0131nda iyi bir beyazlatma maddesi<\/td>\n<\/tr>\n<\/tbody>\n<\/table>\n<table>\n<tbody>\n<tr>\n<td width=\"435\">Optik parlat\u0131c\u0131 FP127(FBA 378)<\/td>\n<\/tr>\n<tr>\n<td width=\"435\">G\u00f6r\u00fcn\u00fcm: a\u00e7\u0131k sar\u0131 toz<\/td>\n<\/tr>\n<tr>\n<td width=\"435\">Safl\u0131k: ,0Min<\/td>\n<\/tr>\n<tr>\n<td width=\"435\">Erime noktas\u0131: 219-221 \u00b0C<\/td>\n<\/tr>\n<tr>\n<td width=\"435\">Par\u00e7ac\u0131k boyutu: 300 a\u011f g\u00f6z\u00fc Min<\/td>\n<\/tr>\n<tr>\n<td width=\"435\">Ambalaj: \u00c7ift PE torbalar i\u00e7inde 25KGS fiber davul.<\/td>\n<\/tr>\n<tr>\n<td width=\"435\">Kullan\u0131m\u0131: \u00d6zellikle PVC ve PS gibi plastiklerin \u00fcr\u00fcnlerinde, \u00e7e\u015fitli plastik t\u00fcrleri ve \u00fcr\u00fcnleri i\u00e7in iyi bir beyazlatma maddesi.<\/td>\n<\/tr>\n<\/tbody>\n<\/table>\n<table>\n<tbody>\n<tr>\n<td width=\"414\">Optik parlat\u0131c\u0131 KCB(FBA 367)<\/td>\n<\/tr>\n<tr>\n<td width=\"414\">G\u00f6r\u00fcn\u00fcm: sar\u0131ms\u0131 ye\u015fil kristal tozu<\/td>\n<\/tr>\n<tr>\n<td width=\"414\">Safl\u0131k: ,0Min<\/td>\n<\/tr>\n<tr>\n<td width=\"414\">Erime noktas\u0131: 210-212\u00b0C<\/td>\n<\/tr>\n<tr>\n<td width=\"414\">\u00c7\u00f6z\u00fcn\u00fcrl\u00fck: suda \u00e7\u00f6z\u00fcnmez, ancak s\u0131radan organik \u00e7\u00f6z\u00fcc\u00fclerde \u00e7\u00f6z\u00fcn\u00fcr.<\/td>\n<\/tr>\n<tr>\n<td width=\"414\">Ambalaj: \u00c7ift PE torbalar i\u00e7inde 25KGS fiber davul.<\/td>\n<\/tr>\n<tr>\n<td width=\"414\">Kullan\u0131m: Plastik filmler, enjeksiyonla kal\u0131planm\u0131\u015f malzemeler EVA k\u00f6p\u00fckl\u00fc plastikler ve kau\u00e7uk \u00fcr\u00fcnler i\u00e7in iyi bir beyazlatma maddesi.<\/td>\n<\/tr>\n<\/tbody>\n<\/table>\n<table>\n<tbody>\n<tr>\n<td width=\"414\">Optik parlat\u0131c\u0131 KSN(FBA 368)<\/td>\n<\/tr>\n<\/tbody>\n<\/table>\n<table>\n<tbody>\n<tr>\n<td width=\"414\">G\u00f6r\u00fcn\u00fcm: sar\u0131ms\u0131 ye\u015fil kristal tozu<\/td>\n<\/tr>\n<tr>\n<td width=\"414\">Safl\u0131k: ,0Min<\/td>\n<\/tr>\n<tr>\n<td width=\"414\">Erime noktas\u0131: 335-345 \u00b0C<\/td>\n<\/tr>\n<tr>\n<td width=\"414\">Ambalaj: \u00c7ift PE torbalar i\u00e7inde 25KGS fiber davul.<\/td>\n<\/tr>\n<tr>\n<td width=\"414\">Kullan\u0131m\u0131: Polyester elyaflar ve plastikler, poliamid ve polikarilonitril elyaflar, film, plastik presleme ve enjeksiyon i\u015flemi i\u00e7in iyi bir beyazlatma maddesi.<\/td>\n<\/tr>\n<\/tbody>\n<\/table>\n<h3 class=\"auto-hide-last-sibling-br paragraph_7884d paragraph-element\"><strong>Teknik \u00d6zellikler \u00d6zet<\/strong><\/h3>\n<table style=\"height: 198px;\" width=\"946\">\n<thead>\n<tr>\n<th>\u00dcr\u00fcn<\/th>\n<th>FBA Hay\u0131r.<\/th>\n<th>Safl\u0131k<\/th>\n<th>Erime Noktas\u0131<\/th>\n<th>Anahtar \u00d6zelli\u011fi<\/th>\n<th>Birincil Uygulamalar<\/th>\n<\/tr>\n<\/thead>\n<tbody>\n<tr>\n<td>OB<\/td>\n<td>FBA 184<\/td>\n<td>\u226599.0%<\/td>\n<td>201-205\u00b0C<\/td>\n<td>\u00c7ok y\u00f6nl\u00fc, genel ama\u00e7l\u0131<\/td>\n<td>PVC, PS, PE, PP, ABS, kaplamalar, m\u00fcrekkepler<\/td>\n<\/tr>\n<tr>\n<td>OB-1<\/td>\n<td>FBA 393<\/td>\n<td>\u226598.5%<\/td>\n<td>355-360\u00b0C<\/td>\n<td>En y\u00fcksek termal kararl\u0131l\u0131k<\/td>\n<td>Polyester-pamuk kar\u0131\u015f\u0131mlar\u0131, y\u00fcksek s\u0131cakl\u0131k plastikleri<\/td>\n<\/tr>\n<tr>\n<td>FP127<\/td>\n<td>FBA 378<\/td>\n<td>\u226599.0%<\/td>\n<td>219-221\u00b0C<\/td>\n<td>\u0130nce par\u00e7ac\u0131k (300 a\u011f g\u00f6z\u00fc)<\/td>\n<td>PVC, PS (m\u00fckemmel da\u011f\u0131l\u0131m)<\/td>\n<\/tr>\n<tr>\n<td>KCB<\/td>\n<td>FBA 367<\/td>\n<td>\u226599.0%<\/td>\n<td>210-212\u00b0C<\/td>\n<td>Filmler\/k\u00f6p\u00fckler i\u00e7in \u00e7ok y\u00f6nl\u00fc<\/td>\n<td>Plastik filmler, enjeksiyon kal\u0131plama, EVA k\u00f6p\u00fck, kau\u00e7uk<\/td>\n<\/tr>\n<tr>\n<td>KSN<\/td>\n<td>FBA 368<\/td>\n<td>\u226599.0%<\/td>\n<td>335-345\u00b0C<\/td>\n<td>Y\u00fcksek s\u0131cakl\u0131k fiber uzman\u0131<\/td>\n<td>Polyester, poliamid, akrilik elyaflar, filmler<\/td>\n<\/tr>\n<\/tbody>\n<\/table>\n<h3 class=\"auto-hide-last-sibling-br paragraph_7884d paragraph-element\"><strong>Neden Optik Parlat\u0131c\u0131lar\u0131m\u0131z\u0131 Se\u00e7melisiniz?<\/strong><\/h3>\n<ul class=\"auto-hide-last-sibling-br\">\n<li>Y\u00fcksek Safl\u0131k: 98.5-99.0% minimum safl\u0131k tutarl\u0131 performans sa\u011flar<\/li>\n<li>D\u00fc\u015f\u00fck Dozaj: A\u011f\u0131rl\u0131k\u00e7a 0.01-0.05% kadar d\u00fc\u015f\u00fck konsantrasyonlarda etkilidir<\/li>\n<li>M\u00fckemmel Termal Stabilite: Y\u00fcksek s\u0131cakl\u0131k uygulamalar\u0131 i\u00e7in OB-1 (355-360 \u00b0C) ve KSN (335-345 \u00b0C)<\/li>\n<li>\u0130nce Par\u00e7ac\u0131k Boyutu: \u00dcst\u00fcn da\u011f\u0131l\u0131m i\u00e7in minimum 300 a\u011f g\u00f6z\u00fc olan FP127<\/li>\n<li>Geni\u015f Uygulama Aral\u0131\u011f\u0131: Plastikler, tekstil \u00fcr\u00fcnleri, kaplamalar, m\u00fcrekkepler, ka\u011f\u0131t, k\u00f6p\u00fckler ve kau\u00e7uk i\u00e7in uygundur<\/li>\n<li>Mevzuata Uygunluk: Uluslararas\u0131 pazarlar i\u00e7in REACH ve RoHS uyumludur<\/li>\n<\/ul>\n<h3 class=\"auto-hide-last-sibling-br paragraph_7884d paragraph-element\"><strong>Sekt\u00f6re G\u00f6re Uygulamalar<\/strong><\/h3>\n<div class=\"auto-hide-last-sibling-br paragraph_7884d paragraph-element\"><strong>Plastik End\u00fcstrisi:<\/strong><\/div>\n<ul class=\"auto-hide-last-sibling-br\">\n<li>PVC (sert ve esnek): Borular, profiller, filmler, kablolar<\/li>\n<li>PS (polistiren): Ambalaj, kaplar, t\u00fcketim mallar\u0131<\/li>\n<li>PE (polietilen): Filmler, kaplar, ambalajlar<\/li>\n<li>PP (polipropilen): Enjeksiyon kal\u0131plama, ekstr\u00fczyon uygulamalar\u0131<\/li>\n<li>ABS: Elektronik muhafazalar, t\u00fcketici \u00fcr\u00fcnleri<\/li>\n<li>PET: \u015ei\u015feler, filmler, ambalajlar<\/li>\n<\/ul>\n<div class=\"auto-hide-last-sibling-br paragraph_7884d paragraph-element\"><strong>Tekstil End\u00fcstrisi:<\/strong><\/div>\n<ul class=\"auto-hide-last-sibling-br\">\n<li>Polyester elyaflar ve kuma\u015flar<\/li>\n<li>Polyester-pamuk kar\u0131\u015f\u0131m\u0131 kuma\u015flar<\/li>\n<li>Asetat elyaf \u00fcr\u00fcnleri<\/li>\n<li>Poliamid (naylon) lifler<\/li>\n<li>Polikarilonitril (akrilik) elyaflar<\/li>\n<\/ul>\n<div class=\"auto-hide-last-sibling-br paragraph_7884d paragraph-element\"><strong>Kaplamalar ve M\u00fcrekkepler:<\/strong><\/div>\n<ul class=\"auto-hide-last-sibling-br\">\n<li>Mimari ve end\u00fcstriyel boyalar<\/li>\n<li>Su bazl\u0131 ve solvent bazl\u0131 kaplamalar<\/li>\n<li>Bask\u0131 m\u00fcrekkepleri (fleksografik, grav\u00fcr, ekran)<\/li>\n<li>UV ile k\u00fcrlenebilen kaplamalar<\/li>\n<\/ul>\n<div class=\"auto-hide-last-sibling-br paragraph_7884d paragraph-element\"><strong>Filmler ve Ambalaj:<\/strong><\/div>\n<ul class=\"auto-hide-last-sibling-br\">\n<li>PE, PP, PVC filmler<\/li>\n<li>Ambalaj i\u00e7in PET filmler<\/li>\n<li>\u00c7ift eksenli y\u00f6nlendirilmi\u015f filmler<\/li>\n<\/ul>\n<div class=\"auto-hide-last-sibling-br paragraph_7884d paragraph-element\"><strong>K\u00f6p\u00fckler ve Kau\u00e7uk:<\/strong><\/div>\n<ul class=\"auto-hide-last-sibling-br\">\n<li>Ayakkab\u0131 ve spor malzemeleri i\u00e7in EVA k\u00f6p\u00fck<\/li>\n<li>Kau\u00e7uk \u00fcr\u00fcnler (lastikler, end\u00fcstriyel kau\u00e7uk \u00fcr\u00fcnler)<\/li>\n<\/ul>\n<div class=\"auto-hide-last-sibling-br paragraph_7884d paragraph-element\"><strong>\u00d6nerilen Dozaj:<\/strong><\/div>\n<ul class=\"auto-hide-last-sibling-br\">\n<li>Plastikler: a\u011f\u0131rl\u0131k\u00e7a 0,01-0,05%<\/li>\n<li>Tekstil: A\u011f\u0131rl\u0131k\u00e7a 0,01-0,02%<\/li>\n<li>Kaplamalar ve M\u00fcrekkepler: a\u011f\u0131rl\u0131k\u00e7a 0,01-0,06%<\/li>\n<li>Filmler: A\u011f\u0131rl\u0131k\u00e7a 0,01-0,03%<\/li>\n<li>K\u00f6p\u00fckler ve Kau\u00e7uk: a\u011f\u0131rl\u0131k\u00e7a 0,01-0,04%<\/li>\n<\/ul>\n<div class=\"auto-hide-last-sibling-br paragraph_7884d paragraph-element\"><strong>Ambalaj:<br \/>\n<\/strong><\/div>\n<div><\/div>\n<div class=\"auto-hide-last-sibling-br paragraph_7884d paragraph-element\">T\u00fcm \u00fcr\u00fcnler, nakliye ve depolama s\u0131ras\u0131nda nem korumas\u0131 ve \u00fcr\u00fcn b\u00fct\u00fcnl\u00fc\u011f\u00fcn\u00fc sa\u011flamak i\u00e7in \u00e7ift PE torbalar i\u00e7indeki 25KGS fiber varillerde paketlenmi\u015ftir.<\/div>\n<div class=\"auto-hide-last-sibling-br paragraph_7884d paragraph-element\"><strong><br \/>\nSaklama Ko\u015fullar\u0131:<\/strong><\/div>\n<ul class=\"auto-hide-last-sibling-br\">\n<li>S\u0131cakl\u0131k: 5-30 \u00b0C (41-86 \u00b0F)<\/li>\n<li>Nem: 60% RH'nin alt\u0131nda<\/li>\n<li>\u00c7evre: Do\u011frudan g\u00fcne\u015f \u0131\u015f\u0131\u011f\u0131ndan uzakta, serin, kuru, iyi havaland\u0131r\u0131lan alan<\/li>\n<li>Raf \u00d6mr\u00fc: Orijinal, a\u00e7\u0131lmam\u0131\u015f ambalajda 24 ay<\/li>\n<\/ul>\n<div class=\"auto-hide-last-sibling-br paragraph_7884d paragraph-element\"><strong>Kalite G\u00fcvencesi:<\/strong><\/div>\n<ul class=\"auto-hide-last-sibling-br\">\n<li>ISO 9001:2015 sertifikal\u0131 \u00fcretim<\/li>\n<li>REACH ve RoHS uyumlu<\/li>\n<li>S\u0131k\u0131 kalite kontrol testi<\/li>\n<li>Her parti i\u00e7in Analiz Sertifikas\u0131 mevcuttur<\/li>\n<li>Teknik destek ve uygulama rehberli\u011fi<\/li>\n<\/ul>\n<h3 class=\"auto-hide-last-sibling-br paragraph_7884d paragraph-element\"><strong>Bize Ula\u015f\u0131n<\/strong><\/h3>\n<p class=\"auto-hide-last-sibling-br paragraph_7884d paragraph-element\">\u00dccretsiz \u00f6rnekler, teknik veri sayfalar\u0131, fiyat bilgileri veya teknik destek i\u00e7in l\u00fctfen sat\u0131\u015f ekibimizle ileti\u015fime ge\u00e7in:<\/p>\n<ul class=\"auto-hide-last-sibling-br\">\n<li>E-posta: sales@hnlongtai.com<\/li>\n<li>Web sitesi:\u00a0<a href=\"https:\/\/www.hnlongtai.com\/tr\/\" target=\"_blank\" rel=\"noopener\">www.hnlongtai.com<\/a><\/li>\n<li>Henan Longtai Technology Co, Ltd.<\/li>\n<\/ul>\n<div class=\"auto-hide-last-sibling-br paragraph_7884d paragraph-element\"><strong>\u00dcr\u00fcn\u00fcn\u00fcz\u00fcn beyazl\u0131\u011f\u0131n\u0131 ve parlakl\u0131\u011f\u0131n\u0131 art\u0131rmaya haz\u0131r m\u0131s\u0131n\u0131z?<\/strong>\u00a0\u00dccretsiz \u00f6rnekler ve rekabet\u00e7i fiyatland\u0131rma i\u00e7in bug\u00fcn bize ula\u015f\u0131n!<\/div>","protected":false},"excerpt":{"rendered":"<p>Optik parlat\u0131c\u0131, ultraviyole \u0131\u015f\u0131\u011f\u0131 emerek ve g\u00f6r\u00fcn\u00fcr mavi \u0131\u015f\u0131\u011f\u0131 yeniden yayarak, sar\u0131 tonlar\u0131 etkili bir \u015fekilde dengeleyerek ve genel beyazl\u0131\u011f\u0131 ve parlakl\u0131\u011f\u0131 art\u0131rarak \u00e7al\u0131\u015fan y\u00fcksek verimli bir fonksiyonel katk\u0131 maddesidir.D\u00fc\u015f\u00fck dozaj gereksinimleri, g\u00fc\u00e7l\u00fc beyazlatma performans\u0131 ve m\u00fckemmel stabilite ile plastiklerde, tekstillerde, kaplamalarda, m\u00fcrekkeplerde ve ka\u011f\u0131tta yayg\u0131n olarak kullan\u0131l\u0131r.D\u00fczg\u00fcn form\u00fcle edilip da\u011f\u0131t\u0131ld\u0131\u011f\u0131nda g\u00f6rsel g\u00f6r\u00fcn\u00fcm\u00fc \u00f6nemli \u00f6l\u00e7\u00fcde art\u0131r\u0131r ve pazardaki \u00fcr\u00fcn rekabet g\u00fcc\u00fcn\u00fc g\u00fc\u00e7lendirir.<\/p>","protected":false},"featured_media":3111,"comment_status":"open","ping_status":"closed","template":"","meta":[],"product_brand":[],"product_cat":[25],"product_tag":[],"class_list":{"0":"post-194","1":"product","2":"type-product","3":"status-publish","4":"has-post-thumbnail","6":"product_cat-optical-brightener","8":"first","9":"instock","10":"shipping-taxable","11":"product-type-simple"},"_links":{"self":[{"href":"https:\/\/www.hnlongtai.com\/tr\/wp-json\/wp\/v2\/product\/194","targetHints":{"allow":["GET"]}}],"collection":[{"href":"https:\/\/www.hnlongtai.com\/tr\/wp-json\/wp\/v2\/product"}],"about":[{"href":"https:\/\/www.hnlongtai.com\/tr\/wp-json\/wp\/v2\/types\/product"}],"replies":[{"embeddable":true,"href":"https:\/\/www.hnlongtai.com\/tr\/wp-json\/wp\/v2\/comments?post=194"}],"wp:featuredmedia":[{"embeddable":true,"href":"https:\/\/www.hnlongtai.com\/tr\/wp-json\/wp\/v2\/media\/3111"}],"wp:attachment":[{"href":"https:\/\/www.hnlongtai.com\/tr\/wp-json\/wp\/v2\/media?parent=194"}],"wp:term":[{"taxonomy":"product_brand","embeddable":true,"href":"https:\/\/www.hnlongtai.com\/tr\/wp-json\/wp\/v2\/product_brand?post=194"},{"taxonomy":"product_cat","embeddable":true,"href":"https:\/\/www.hnlongtai.com\/tr\/wp-json\/wp\/v2\/product_cat?post=194"},{"taxonomy":"product_tag","embeddable":true,"href":"https:\/\/www.hnlongtai.com\/tr\/wp-json\/wp\/v2\/product_tag?post=194"}],"curies":[{"name":"wp","href":"https:\/\/api.w.org\/{rel}","templated":true}]}}