{"id":184,"date":"2026-02-10T01:45:14","date_gmt":"2026-02-10T01:45:14","guid":{"rendered":"https:\/\/hnlongtai.com\/?post_type=product&#038;p=184"},"modified":"2026-03-18T08:39:13","modified_gmt":"2026-03-18T08:39:13","slug":"kaolin-powder","status":"publish","type":"product","link":"https:\/\/www.hnlongtai.com\/tr\/product\/kaolin-powder\/","title":{"rendered":"Kaolin Tozu"},"content":{"rendered":"<div style=\"overflow-x: auto; width: 100%;\">\n<table style=\"width: 100%; border-collapse: collapse;\">\n<tbody>\n<tr>\n<td style=\"text-align: center;\" colspan=\"3\" width=\"1625\">Kaolin Tozu<\/td>\n<\/tr>\n<tr>\n<td>Dizin \u00d6\u011fesi<\/td>\n<td>Birim<\/td>\n<td>Y\u00f6netici Standartlar\u0131<\/td>\n<\/tr>\n<tr>\n<td>Parlakl\u0131k<\/td>\n<td>R457,%<\/td>\n<td>\u226793<\/td>\n<\/tr>\n<tr>\n<td>Par\u00e7ac\u0131k boyutu<\/td>\n<td>\u20142\u03bcm,%<\/td>\n<td>78\u00b13<\/td>\n<\/tr>\n<tr>\n<td>\u00a0Ya\u011f emilimi<\/td>\n<td>g\/100g<\/td>\n<td>60\u00b13<\/td>\n<\/tr>\n<tr>\n<td>Elek kal\u0131nt\u0131s\u0131 (45um)<\/td>\n<td>\uff05<\/td>\n<td>\u22640,01<\/td>\n<\/tr>\n<tr>\n<td>PH De\u011feri<\/td>\n<td><\/td>\n<td>6.0-8.0<\/td>\n<\/tr>\n<tr>\n<td>Nem<\/td>\n<td>\uff05<\/td>\n<td>\u22640,8<\/td>\n<\/tr>\n<tr>\n<td>Hacim yo\u011funlu\u011fu<\/td>\n<td>g\/cm\u00b3<\/td>\n<td>0.4-0.6<\/td>\n<\/tr>\n<tr>\n<td>Ger\u00e7ek yo\u011funluk<\/td>\n<td>g\/cm\u00b3<\/td>\n<td>2.65-2.75<\/td>\n<\/tr>\n<\/tbody>\n<\/table>\n<h3 id=\"toc-cac438694b4951bf7ddfff55dc619fef\" class=\"header_65eb3 custom-header-heading2\">Teknik \u00d6zellikler<\/h3>\n<section class=\"custom-table-container\">\n<div class=\"custom-table-content\">\n<div class=\"auto-hide-last-sibling-br custom-table table-container_c3524\">\n<table style=\"height: 385px;\" width=\"732\">\n<thead>\n<tr>\n<th>Parametre<\/th>\n<th>\u015eartname<\/th>\n<th>Test Y\u00f6ntemi<\/th>\n<\/tr>\n<\/thead>\n<tbody>\n<tr>\n<td><strong>\u00dcr\u00fcn Ad\u0131<\/strong><\/td>\n<td>Kaolin Z-90 (Kalsine Kaolin)<\/td>\n<td>-<\/td>\n<\/tr>\n<tr>\n<td><strong>T\u00fcr\u00fc<\/strong><\/td>\n<td>Kalsine Kaolin \/ \u00c7in Kil<\/td>\n<td>-<\/td>\n<\/tr>\n<tr>\n<td><strong>Parlakl\u0131k (R457)<\/strong><\/td>\n<td>\u226593%<\/td>\n<td>ISO 2470<\/td>\n<\/tr>\n<tr>\n<td><strong>Par\u00e7ac\u0131k Boyutu (\u22642\u03bcm)<\/strong><\/td>\n<td>78\u00b13%<\/td>\n<td>Lazer K\u0131r\u0131n\u0131m\u0131<\/td>\n<\/tr>\n<tr>\n<td><strong>Ya\u011f Emilimi<\/strong><\/td>\n<td>60\u00b13g\/100g<\/td>\n<td>ASTM D281<\/td>\n<\/tr>\n<tr>\n<td><strong>Elek Kal\u0131nt\u0131s\u0131 (45um)<\/strong><\/td>\n<td>\u22640,01%<\/td>\n<td>-<\/td>\n<\/tr>\n<tr>\n<td><strong>pH De\u011feri<\/strong><\/td>\n<td>6.0-8.0<\/td>\n<td>ISO 787-9<\/td>\n<\/tr>\n<tr>\n<td><strong>Nem \u0130\u00e7eri\u011fi<\/strong><\/td>\n<td>\u22640,8%<\/td>\n<td>ISO 787-2<\/td>\n<\/tr>\n<tr>\n<td><strong>Toplu Yo\u011funluk<\/strong><\/td>\n<td>0,4-0,6 g\/cm\u00b3<\/td>\n<td>-<\/td>\n<\/tr>\n<tr>\n<td><strong>Ger\u00e7ek Yo\u011funluk<\/strong><\/td>\n<td>2,65-2,75 g\/cm\u00b3<\/td>\n<td>Piknometre<\/td>\n<\/tr>\n<tr>\n<td><strong>G\u00f6r\u00fcn\u00fcm<\/strong><\/td>\n<td>\u0130nce beyaz toz<\/td>\n<td>G\u00f6rsel Muayene<\/td>\n<\/tr>\n<tr>\n<td><strong>Paketleme<\/strong><\/td>\n<td>25kg dokuma \u00e7anta<\/td>\n<td>-<\/td>\n<\/tr>\n<tr>\n<td><strong>Depolama<\/strong><\/td>\n<td>Nemden uzak, serin ve kuru bir yer<\/td>\n<td>-<\/td>\n<\/tr>\n<\/tbody>\n<\/table>\n<\/div>\n<\/div>\n<\/section>\n<div class=\"border-b border-input custom-hr my-3\"><\/div>\n<h3 id=\"toc-1ddf333c6654f7f89c739dddfb4cc429\" class=\"header_65eb3 custom-header-heading2\">Kaolin Tozu Uygulamalar\u0131<\/h3>\n<h4 id=\"toc-8edf94082c80c3b8d04965cc5672dd88\" class=\"header_65eb3 custom-header-heading3\">Kaplamalar Sanayi<\/h4>\n<div class=\"auto-hide-last-sibling-br paragraph_7884d paragraph-element\">Kaolin Z-90 kalsine kaolin, m\u00fckemmel gizleme g\u00fcc\u00fc, parlakl\u0131k kontrol\u00fc ve maliyet etkinli\u011fi nedeniyle \u00e7e\u015fitli kaplama uygulamalar\u0131nda yayg\u0131n olarak kullan\u0131lmaktad\u0131r.<\/div>\n<h4 class=\"auto-hide-last-sibling-br paragraph_7884d paragraph-element\"><strong>Mimari Boyalar<\/strong><\/h4>\n<ul class=\"auto-hide-last-sibling-br\">\n<li>\u0130\u00e7 ve d\u0131\u015f duvar boyalar\u0131<\/li>\n<li>Lateks boyalar ve em\u00fclsiyon kaplamalar<\/li>\n<li>Sak\u0131z ve dokulu kaplamalar<\/li>\n<li>Astar ve astar sistemleri<\/li>\n<\/ul>\n<div class=\"auto-hide-last-sibling-br paragraph_7884d paragraph-element\"><strong>End\u00fcstriyel Kaplamalar<\/strong><\/div>\n<ul class=\"auto-hide-last-sibling-br\">\n<li>Koruyucu kaplamalar<\/li>\n<li>Deniz kaplamalar\u0131<\/li>\n<li>Otomotiv tamir kaplamalar\u0131<\/li>\n<li>End\u00fcstriyel bak\u0131m kaplamalar\u0131<\/li>\n<\/ul>\n<h3 class=\"auto-hide-last-sibling-br paragraph_7884d paragraph-element\"><strong>Kaplamalarda Fonksiyonel Faydalar<\/strong><\/h3>\n<ul class=\"auto-hide-last-sibling-br\">\n<li><strong>G\u00fcc\u00fc Gizleme<\/strong>: Trombosit morfolojisi \u0131\u015f\u0131k sa\u00e7\u0131l\u0131m\u0131n\u0131 ve opakl\u0131\u011f\u0131n\u0131 art\u0131r\u0131r<\/li>\n<li><strong>Parlakl\u0131k Kontrol\u00fc<\/strong>: \u00c7e\u015fitli kaplama sistemlerinde m\u00fckemmel parlakl\u0131k ve parlakl\u0131k kontrol\u00fc sa\u011flar<\/li>\n<li><strong>TiO2 Uzant\u0131s\u0131<\/strong>: Opakl\u0131\u011f\u0131 korurken k\u0131smi titanyum dioksit de\u011fi\u015fimi (10-30% azaltma)<\/li>\n<li><strong>Film Olu\u015fumu<\/strong>: Film b\u00fct\u00fcnl\u00fc\u011f\u00fcn\u00fc ve mekanik \u00f6zelliklerini geli\u015ftirir<\/li>\n<li><strong>Bariyer \u00d6zellikleri<\/strong>: Neme ve kimyasallara kar\u015f\u0131 bariyer \u00f6zelliklerini geli\u015ftirir<\/li>\n<li><strong>Maliyet Azaltma<\/strong>: Saf titanyum dioksit ile kar\u015f\u0131la\u015ft\u0131r\u0131ld\u0131\u011f\u0131nda form\u00fclasyon maliyetlerini \u00f6nemli \u00f6l\u00e7\u00fcde azalt\u0131r<\/li>\n<\/ul>\n<h3 id=\"toc-4d4035c7397e65e407a168ae46dc004a\" class=\"header_65eb3 custom-header-heading3\">Bask\u0131 M\u00fcrekkepleri Sanayi<\/h3>\n<div class=\"auto-hide-last-sibling-br paragraph_7884d paragraph-element\">Kaolin Z-90, bask\u0131 m\u00fcrekkepleri i\u00e7in m\u00fckemmel bir geni\u015fletici ve i\u015flevsel dolgu maddesidir ve geli\u015fmi\u015f yazd\u0131r\u0131labilirlik, renk geli\u015fimi ve y\u00fczey \u00f6zellikleri sa\u011flar.<\/div>\n<h4 class=\"auto-hide-last-sibling-br paragraph_7884d paragraph-element\"><strong>Fleksografik M\u00fcrekkepler<\/strong><\/h4>\n<ul class=\"auto-hide-last-sibling-br\">\n<li>Su bazl\u0131 fleksografik m\u00fcrekkepler<\/li>\n<li>Solvent bazl\u0131 fleksografik m\u00fcrekkepler<\/li>\n<li>UV ile k\u00fcrlenebilen fleksografik m\u00fcrekkepler<\/li>\n<\/ul>\n<div class=\"auto-hide-last-sibling-br paragraph_7884d paragraph-element\"><strong>Grav\u00fcr M\u00fcrekkepleri<\/strong><\/div>\n<ul class=\"auto-hide-last-sibling-br\">\n<li>Yay\u0131n grav\u00fcr m\u00fcrekkepleri<\/li>\n<li>Ambalaj grav\u00fcr m\u00fcrekkepleri<\/li>\n<li>End\u00fcstriyel grav\u00fcr m\u00fcrekkepleri<\/li>\n<\/ul>\n<div class=\"auto-hide-last-sibling-br paragraph_7884d paragraph-element\"><strong>Serigrafi M\u00fcrekkepleri<\/strong><\/div>\n<ul class=\"auto-hide-last-sibling-br\">\n<li>Tekstil serigrafi m\u00fcrekkepleri<\/li>\n<li>End\u00fcstriyel serigrafi m\u00fcrekkepleri<\/li>\n<li>Grafik serigrafi m\u00fcrekkepleri<\/li>\n<\/ul>\n<div class=\"auto-hide-last-sibling-br paragraph_7884d paragraph-element\"><strong>M\u00fcrekkeplerde Fonksiyonel Faydalar:<\/strong><\/div>\n<ul class=\"auto-hide-last-sibling-br\">\n<li><strong>Renk Geli\u015ftirme<\/strong>: Renk g\u00fcc\u00fcn\u00fc ve geli\u015fimini art\u0131r\u0131r<\/li>\n<li><strong>Yazd\u0131r\u0131labilirlik<\/strong>: Alt tabakalara m\u00fcrekkep aktar\u0131m\u0131n\u0131 ve yerle\u015ftirmeyi geli\u015ftirir<\/li>\n<li><strong>Parlakl\u0131k Geli\u015ftirme<\/strong>: Bitmi\u015f bask\u0131larda m\u00fckemmel parlakl\u0131k kontrol\u00fc sa\u011flar<\/li>\n<li><strong>Viskozite Kontrol\u00fc<\/strong>: Kararl\u0131 viskoziteye ve reolojiye katk\u0131da bulunur<\/li>\n<li><strong>Setoff Direnci<\/strong>: Bask\u0131 s\u00fcre\u00e7lerinde m\u00fcrekkep ayar\u0131n\u0131 azalt\u0131r<\/li>\n<li><strong>Y\u00fczey P\u00fcr\u00fczs\u00fczl\u00fc\u011f\u00fc<\/strong>: Y\u00fczey p\u00fcr\u00fczs\u00fczl\u00fc\u011f\u00fcn\u00fc ve bask\u0131 kalitesini art\u0131r\u0131r<\/li>\n<\/ul>\n<div class=\"auto-hide-last-sibling-br paragraph_7884d paragraph-element\"><strong>\u00d6nerilen Dozaj:<\/strong><\/div>\n<ul class=\"auto-hide-last-sibling-br\">\n<li>Fleksografik m\u00fcrekkepler: a\u011f\u0131rl\u0131k\u00e7a 3-10%<\/li>\n<li>Grav\u00fcr m\u00fcrekkepleri: a\u011f\u0131rl\u0131k\u00e7a 5-15%<\/li>\n<li>Serigrafi m\u00fcrekkepleri: a\u011f\u0131rl\u0131k\u00e7a 5-12%<\/li>\n<\/ul>\n<p><strong>Ambalaj: 25kg dokuma \u00e7anta<\/strong><\/p>\n<p><strong>A\u00e7\u0131klamalar:<\/strong> Yukar\u0131daki veriler sadece referans i\u00e7indir Belirli uygulamalar i\u00e7in l\u00fctfen tedarik\u00e7iyle ileti\u015fime ge\u00e7in \u00dcr\u00fcn \u00f6zellikleri ilgili denetim raporuna tabidir.<\/p>\n<h3 id=\"toc-290e4cf8ffcebd4785304be30a12bb35\" class=\"header_65eb3 custom-header-heading2\">SSS<\/h3>\n<div class=\"auto-hide-last-sibling-br paragraph_7884d paragraph-element\"><strong>S: Kalsine kaolin ve hidratl\u0131 kaolin aras\u0131ndaki fark nedir?<\/strong><\/div>\n<div class=\"auto-hide-last-sibling-br paragraph_7884d paragraph-element\">C: Kalsine kaolin, parlakl\u0131\u011f\u0131, opakl\u0131\u011f\u0131 art\u0131ran ve trombosit morfolojisini geli\u015ftiren hidroksil gruplar\u0131n\u0131 \u00e7\u0131karmak i\u00e7in y\u00fcksek s\u0131cakl\u0131klarda (900-1000 \u00b0C) \u0131s\u0131l i\u015fleme tabi tutulur.Hidrate kaolin, hidrasyon suyunu tutar ve farkl\u0131 \u00f6zelliklere sahiptir.Kalsine kaolin Z-90, hidratl\u0131 kaoline k\u0131yasla \u00fcst\u00fcn parlakl\u0131k (\u226593% R457) ve gizleme g\u00fcc\u00fc sunar.<\/div>\n<div class=\"auto-hide-last-sibling-br paragraph_7884d paragraph-element\"><strong>S: Kaolin Z-90, gizleme g\u00fcc\u00fc a\u00e7\u0131s\u0131ndan titanyum dioksit ile nas\u0131l kar\u015f\u0131la\u015ft\u0131r\u0131l\u0131r?<\/strong><\/div>\n<div class=\"auto-hide-last-sibling-br paragraph_7884d paragraph-element\">C: Titanyum dioksit birim a\u011f\u0131rl\u0131k ba\u015f\u0131na \u00fcst\u00fcn gizleme g\u00fcc\u00fc sa\u011flarken, Kaolin Z-90 kabul edilebilir opakl\u0131\u011f\u0131 korurken titanyum dioksitin 10-30%'sini k\u0131smen de\u011fi\u015ftirebilir Kalsine kaolinin trombosit morfolojisi \u0131\u015f\u0131k sa\u00e7\u0131l\u0131m\u0131na ve gizleme g\u00fcc\u00fcne katk\u0131da bulunur Maliyete duyarl\u0131 uygulamalar i\u00e7in Kaolin Z-90 performans ve maliyet aras\u0131nda m\u00fckemmel bir denge sunar.<\/div>\n<div class=\"auto-hide-last-sibling-br paragraph_7884d paragraph-element\"><strong>S: Kaplamalar i\u00e7in Kaolin Z-90'\u0131n \u00f6nerilen dozu nedir?<\/strong><\/div>\n<div class=\"auto-hide-last-sibling-br paragraph_7884d paragraph-element\">C: Mimari kaplamalar i\u00e7in \u00f6nerilen dozaj a\u011f\u0131rl\u0131k\u00e7a 5-15%'dir End\u00fcstriyel kaplamalar i\u00e7in a\u011f\u0131rl\u0131k\u00e7a 3-10% tipiktir Astar sistemleri i\u00e7in a\u011f\u0131rl\u0131k\u00e7a 10-20% \u00f6nerilir \u00d6zel uygulama ve performans gereksinimleriniz i\u00e7in en uygun dozaj\u0131 belirlemek i\u00e7in her zaman \u00f6n denemeler yap\u0131n.<\/div>\n<div class=\"auto-hide-last-sibling-br paragraph_7884d paragraph-element\"><strong>S: Kaolin Z-90 su bazl\u0131 ve solvent bazl\u0131 sistemlerle uyumlu mu?<\/strong><\/div>\n<div class=\"auto-hide-last-sibling-br paragraph_7884d paragraph-element\">C: Evet, Kaolin Z-90 hem su bazl\u0131 hem de solvent bazl\u0131 form\u00fclasyonlarla uyumludur D\u00fc\u015f\u00fck ya\u011f emilimi (60\u00b13g\/100g) ve stabil pH (6.0-8.0), \u00e7e\u015fitli ba\u011flay\u0131c\u0131 sistemlerle iyi uyumluluk sa\u011flar. Bununla birlikte, b\u00fcy\u00fck \u00f6l\u00e7ekli kullan\u0131mdan \u00f6nce her zaman \u00f6zel form\u00fclasyonunuzla uyumluluk testi yap\u0131n.<\/div>\n<div class=\"auto-hide-last-sibling-br paragraph_7884d paragraph-element\"><strong>S: Kaolin Z-90 UV ile k\u00fcrlenebilen kaplamalarda ve m\u00fcrekkeplerde kullan\u0131labilir mi?<\/strong><\/div>\n<div class=\"auto-hide-last-sibling-br paragraph_7884d paragraph-element\">C: Evet, Kaolin Z-90 UV ile k\u00fcrlenebilen sistemlerde kullan\u0131labilir \u0130nce par\u00e7ac\u0131k boyutu ve m\u00fckemmel da\u011f\u0131l\u0131m \u00f6zellikleri, UV ile k\u00fcrlenebilen uygulamalar i\u00e7in uygun olmas\u0131n\u0131 sa\u011flar. Bununla birlikte, kaolinin UV k\u00fcr derinli\u011fini veya oran\u0131n\u0131 \u00f6nemli \u00f6l\u00e7\u00fcde etkilemedi\u011finden emin olun. UV k\u00fcr sistemleri i\u00e7in form\u00fclasyonu optimize etmek i\u00e7in \u00f6n denemeler yap\u0131n.<\/div>\n<div class=\"auto-hide-last-sibling-br paragraph_7884d paragraph-element\"><strong>S: \u00dcr\u00fcn kalitesini korumak i\u00e7in Kaolin Z-90 nas\u0131l saklanmal\u0131d\u0131r?<\/strong><\/div>\n<div class=\"auto-hide-last-sibling-br paragraph_7884d paragraph-element\">A: Kaolin Z-90'\u0131 5-30 \u00b0C'de (41-86 \u00b0F) serin ve kuru bir yerde, ba\u011f\u0131l nem 60%'nin alt\u0131nda saklay\u0131n \u00dcr\u00fcn\u00fc kullanana kadar orijinal, a\u00e7\u0131lmam\u0131\u015f ambalajda saklay\u0131n Bu ko\u015fullar alt\u0131nda raf \u00f6mr\u00fc 24 ayd\u0131r Nem kirlili\u011finden korumak i\u00e7in kullan\u0131mlar aras\u0131nda a\u00e7\u0131lan ambalaj\u0131 yeniden kapat\u0131n.<\/div>\n<div class=\"auto-hide-last-sibling-br paragraph_7884d paragraph-element\"><strong>S: Test i\u00e7in Kaolin Z-90 \u00f6rnekleri sa\u011fl\u0131yor musunuz?<\/strong><\/div>\n<div class=\"auto-hide-last-sibling-br paragraph_7884d paragraph-element\">C: Evet, talep \u00fczerine nitelikli m\u00fc\u015fteriler i\u00e7in \u00fccretsiz numuneler (tipik olarak 1-2kg) sa\u011fl\u0131yoruz. \u00dcr\u00fcn\u00fcn gereksinimlerinizi kar\u015f\u0131lad\u0131\u011f\u0131ndan emin olmak i\u00e7in toplu sipari\u015f vermeden \u00f6nce numuneleri \u00f6zel uygulaman\u0131zda test etmenizi \u00f6neririz. Numune istemek i\u00e7in sat\u0131\u015f ekibimizle ileti\u015fime ge\u00e7in.<\/div>\n<div class=\"auto-hide-last-sibling-br paragraph_7884d paragraph-element\"><strong>S: Kaolin Z-90 i\u00e7in minimum sipari\u015f miktar\u0131 (MOQ) nedir?<\/strong><\/div>\n<div class=\"auto-hide-last-sibling-br paragraph_7884d paragraph-element\">C: Minimum sipari\u015f miktar\u0131m\u0131z yeni m\u00fc\u015fteriler i\u00e7in tipik olarak 500kg'd\u0131r (her biri 25kg'l\u0131k 20 torba). Daha b\u00fcy\u00fck sipari\u015fler ve uzun vadeli i\u015fbirli\u011fi i\u00e7in rekabet\u00e7i fiyatland\u0131rma ve esnek \u015fartlar sunuyoruz. Sipari\u015f hacminize g\u00f6re ayr\u0131nt\u0131l\u0131 fiyatland\u0131rma bilgileri i\u00e7in sat\u0131\u015f ekibimizle ileti\u015fime ge\u00e7in.<\/div>\n<div class=\"auto-hide-last-sibling-br paragraph_7884d paragraph-element\"><strong>S: Kaolin Z-90 REACH ve RoHS uyumlu mu?<\/strong><\/div>\n<div class=\"auto-hide-last-sibling-br paragraph_7884d paragraph-element\">C: Evet, Kaolin Z-90 kalsine kaolin Avrupa Birli\u011fi pazarlar\u0131 i\u00e7in REACH ve RoHS uyumludur Kapsaml\u0131 uyumluluk belgelerini muhafaza ediyoruz ve talep \u00fczerine sertifikalar sa\u011flayabilir \u00dcr\u00fcnlerimiz uluslararas\u0131 kalite ve \u00e7evre standartlar\u0131n\u0131 kar\u015f\u0131lamaktad\u0131r.<\/div>\n<div class=\"auto-hide-last-sibling-br paragraph_7884d paragraph-element\"><strong>S: Kaolin Z-90 di\u011fer geni\u015fleticiler ve dolgu maddeleri ile birlikte kullan\u0131labilir mi?<\/strong><\/div>\n<div class=\"auto-hide-last-sibling-br paragraph_7884d paragraph-element\">C: Evet, Kaolin Z-90 kalsiyum karbonat, talk ve baryum s\u00fclfat gibi di\u011fer geni\u015fleticiler ve dolgu maddeleri ile kombinasyon halinde kullan\u0131labilir.Farkl\u0131 dolgu maddelerinin kombinasyonu performans \u00f6zelliklerini ve maliyet etkinli\u011fini optimize edebilir.\u00d6zel uygulaman\u0131z i\u00e7in en uygun dolgu kar\u0131\u015f\u0131m\u0131n\u0131 belirlemek i\u00e7in form\u00fclasyon denemeleri yap\u0131n.<\/div>\n<\/div>","protected":false},"excerpt":{"rendered":"<p>Z-90, kimyasal bile\u015fimi olarak susuz al\u00fcminyum silikat ile ince \u00f6\u011f\u00fct\u00fclm\u00fc\u015f kalsine kaolin tozu malzemesidir.Bu \u00fcr\u00fcn y\u00fcksek beyazl\u0131k, uygun par\u00e7ac\u0131k boyutu ve rasyonel bir par\u00e7ac\u0131k boyutu da\u011f\u0131l\u0131m\u0131 sunar.Kaplamalarda, bask\u0131 m\u00fcrekkeplerinde, ka\u011f\u0131t yap\u0131m\u0131nda, dekoratif ka\u011f\u0131tlarda ve di\u011fer alanlarda yayg\u0131n olarak kullan\u0131l\u0131r ve ayr\u0131ca dolgu maliyetlerini azaltmak i\u00e7in k\u0131smen titanyum dioksitin yerini alabilir.<\/p>","protected":false},"featured_media":3200,"comment_status":"open","ping_status":"closed","template":"","meta":[],"product_brand":[],"product_cat":[26],"product_tag":[],"class_list":{"0":"post-184","1":"product","2":"type-product","3":"status-publish","4":"has-post-thumbnail","6":"product_cat-kaolin","8":"first","9":"instock","10":"shipping-taxable","11":"product-type-simple"},"_links":{"self":[{"href":"https:\/\/www.hnlongtai.com\/tr\/wp-json\/wp\/v2\/product\/184","targetHints":{"allow":["GET"]}}],"collection":[{"href":"https:\/\/www.hnlongtai.com\/tr\/wp-json\/wp\/v2\/product"}],"about":[{"href":"https:\/\/www.hnlongtai.com\/tr\/wp-json\/wp\/v2\/types\/product"}],"replies":[{"embeddable":true,"href":"https:\/\/www.hnlongtai.com\/tr\/wp-json\/wp\/v2\/comments?post=184"}],"wp:featuredmedia":[{"embeddable":true,"href":"https:\/\/www.hnlongtai.com\/tr\/wp-json\/wp\/v2\/media\/3200"}],"wp:attachment":[{"href":"https:\/\/www.hnlongtai.com\/tr\/wp-json\/wp\/v2\/media?parent=184"}],"wp:term":[{"taxonomy":"product_brand","embeddable":true,"href":"https:\/\/www.hnlongtai.com\/tr\/wp-json\/wp\/v2\/product_brand?post=184"},{"taxonomy":"product_cat","embeddable":true,"href":"https:\/\/www.hnlongtai.com\/tr\/wp-json\/wp\/v2\/product_cat?post=184"},{"taxonomy":"product_tag","embeddable":true,"href":"https:\/\/www.hnlongtai.com\/tr\/wp-json\/wp\/v2\/product_tag?post=184"}],"curies":[{"name":"wp","href":"https:\/\/api.w.org\/{rel}","templated":true}]}}