{"id":183,"date":"2026-02-10T01:43:12","date_gmt":"2026-02-10T01:43:12","guid":{"rendered":"https:\/\/hnlongtai.com\/?post_type=product&#038;p=183"},"modified":"2026-03-25T02:10:55","modified_gmt":"2026-03-25T02:10:55","slug":"ultramarine","status":"publish","type":"product","link":"https:\/\/www.hnlongtai.com\/tr\/product\/ultramarine\/","title":{"rendered":"Ultramarin"},"content":{"rendered":"<div style=\"overflow-x: auto; width: 100%;\">\n<table style=\"width: 100%; border-collapse: collapse;\">\n<tbody>\n<tr style=\"height: 21.00pt;\">\n<td class=\"et3\" style=\"height: 21pt; width: 756.3pt; text-align: center;\" colspan=\"3\" width=\"1512\" height=\"42\">Ultramarin<\/td>\n<\/tr>\n<tr style=\"height: 21.00pt;\">\n<td class=\"et3\" style=\"height: 21.00pt;\" height=\"42\">Dizin \u00d6\u011fesi<\/td>\n<td class=\"et3\">Birim<\/td>\n<td class=\"et3\">Y\u00f6netici Standartlar\u0131<\/td>\n<\/tr>\n<tr style=\"height: 21.00pt;\">\n<td class=\"et3\" style=\"height: 21.00pt;\" height=\"42\">Shand<span class=\"font6\">(standart \u00f6rnekle kar\u015f\u0131la\u015ft\u0131r\u0131n)<\/span><\/td>\n<td class=\"et4\"><\/td>\n<td class=\"et5\">G\u00f6rsel incelemeyle hafif tutars\u0131zl\u0131k<\/td>\n<\/tr>\n<tr style=\"height: 21.00pt;\">\n<td class=\"et3\" style=\"height: 21.00pt;\" height=\"42\">Tinctoryal G\u00fc\u00e7<span class=\"font6\">(standart \u00f6rnekle kar\u015f\u0131la\u015ft\u0131r\u0131n)<\/span><\/td>\n<td class=\"et4\">\uff05<\/td>\n<td class=\"et4\">100<span class=\"font7\">\u00b1<\/span><span class=\"font2\">5<\/span><\/td>\n<\/tr>\n<tr style=\"height: 21.00pt;\">\n<td class=\"et3\" style=\"height: 21.00pt;\" height=\"42\">Suda \u00e7\u00f6z\u00fcnebilir i\u00e7erik<\/td>\n<td class=\"et6\"><\/td>\n<td class=\"et4\">\u22641.0<\/td>\n<\/tr>\n<tr style=\"height: 21.00pt;\">\n<td class=\"et3\" style=\"height: 21.00pt;\" height=\"42\">Serbest k\u00fck\u00fcrt<\/td>\n<td class=\"et6\"><\/td>\n<td class=\"et3\">\u22640,05<\/td>\n<\/tr>\n<tr style=\"height: 21.00pt;\">\n<td class=\"et3\" style=\"height: 21.00pt;\" height=\"42\">U\u00e7ucu i\u00e7erik<\/td>\n<td class=\"et6\"><\/td>\n<td class=\"et3\">\u22641.0<\/td>\n<\/tr>\n<tr style=\"height: 21.00pt;\">\n<td class=\"et3\" style=\"height: 21.00pt;\" height=\"42\">Elek kal\u0131nt\u0131s\u0131 (45um)<\/td>\n<td class=\"et6\"><\/td>\n<td class=\"et3\">\u22640.1<\/td>\n<\/tr>\n<tr style=\"height: 21.00pt;\">\n<td class=\"et3\" style=\"height: 21.00pt;\" height=\"42\">Ya\u011f emilimi<\/td>\n<td class=\"et6\"><\/td>\n<td class=\"et3\">25-45<\/td>\n<\/tr>\n<tr style=\"height: 21.00pt;\">\n<td class=\"et3\" style=\"height: 21.00pt;\" height=\"42\">PH De\u011feri<\/td>\n<td class=\"et3\"><\/td>\n<td class=\"et3\">7.0-10.0<\/td>\n<\/tr>\n<tr style=\"height: 21.00pt;\">\n<td class=\"et3\" style=\"height: 21.00pt;\" height=\"42\">Organik pigment i\u00e7eri\u011fi<\/td>\n<td class=\"et4\"><\/td>\n<td class=\"et3\">Hi\u00e7biri<\/td>\n<\/tr>\n<tr style=\"height: 21.00pt;\">\n<td class=\"et7\" style=\"height: 21.00pt;\" height=\"42\">Is\u0131 direnci 350<span class=\"font4\">\u2103<\/span><\/td>\n<td class=\"et3\"><\/td>\n<td class=\"et3\">Ge\u00e7mek<\/td>\n<\/tr>\n<\/tbody>\n<\/table>\n<p>Ultramarinin Uygulama Alanlar\u0131: Boyalar, kaplamalar, m\u00fcrekkepler, plastikler, kau\u00e7uk, deri, ka\u011f\u0131t yap\u0131m\u0131, bask\u0131l\u0131 tekstil \u00fcr\u00fcnleri, ya\u011fl\u0131 boya, sanat resmi, k\u00fclt\u00fcrel ve e\u011fitim malzemeleri, sanat malzemeleri, temizlik \u00fcr\u00fcnleri vb.<\/p>\n<p>Renklendirme: End\u00fcstriyel \u00fcr\u00fcnlerin renklendirilmesinde kullan\u0131l\u0131r.<\/p>\n<p>Beyazl\u0131k Geli\u015ftirme: Ka\u011f\u0131t yap\u0131m\u0131nda, sabunlarda, \u00e7ama\u015f\u0131r deterjanlar\u0131nda, k\u00fclt\u00fcrel ve e\u011fitim malzemelerinde ve beyaz \u00fcr\u00fcnlerde kullan\u0131ld\u0131\u011f\u0131nda, beyaz malzemelerdeki sar\u0131 ve gri alt tonlar\u0131 etkili bir \u015fekilde n\u00f6tralize eder.<br \/>\nAmbalaj: 25kg kraft ka\u011f\u0131t torba<br \/>\nA\u00e7\u0131klamalar: Yukar\u0131daki veriler sadece referans i\u00e7indir Belirli uygulamalar i\u00e7in l\u00fctfen tedarik\u00e7iyle ileti\u015fime ge\u00e7in \u00dcr\u00fcn \u00f6zellikleri ilgili denetim raporuna tabidir.<\/p>\n<\/div>","protected":false},"excerpt":{"rendered":"<p>Ultramarin Mavisi tarihsel olarak \u00f6nemli ve canl\u0131 mavi inorganik pigmenttir.Toksik de\u011fildir, \u00e7evre dostudur, suda \u00e7\u00f6z\u00fcnmez, alkalilere ve y\u00fcksek s\u0131cakl\u0131klara dayan\u0131kl\u0131d\u0131r ve g\u00fcne\u015f \u0131\u015f\u0131\u011f\u0131na, ya\u011fmura ve atmosferdeki hava ko\u015fullar\u0131na kar\u015f\u0131 m\u00fckemmel stabilite sergiler.Kendine \u00f6zg\u00fc k\u0131rm\u0131z\u0131 alt tonu ile mavi pigmentler aras\u0131nda benzersiz bir konuma sahiptir.<\/p>","protected":false},"featured_media":2266,"comment_status":"open","ping_status":"closed","template":"","meta":[],"product_brand":[],"product_cat":[27],"product_tag":[],"class_list":{"0":"post-183","1":"product","2":"type-product","3":"status-publish","4":"has-post-thumbnail","6":"product_cat-ultramarine","8":"first","9":"instock","10":"shipping-taxable","11":"product-type-simple"},"_links":{"self":[{"href":"https:\/\/www.hnlongtai.com\/tr\/wp-json\/wp\/v2\/product\/183","targetHints":{"allow":["GET"]}}],"collection":[{"href":"https:\/\/www.hnlongtai.com\/tr\/wp-json\/wp\/v2\/product"}],"about":[{"href":"https:\/\/www.hnlongtai.com\/tr\/wp-json\/wp\/v2\/types\/product"}],"replies":[{"embeddable":true,"href":"https:\/\/www.hnlongtai.com\/tr\/wp-json\/wp\/v2\/comments?post=183"}],"wp:featuredmedia":[{"embeddable":true,"href":"https:\/\/www.hnlongtai.com\/tr\/wp-json\/wp\/v2\/media\/2266"}],"wp:attachment":[{"href":"https:\/\/www.hnlongtai.com\/tr\/wp-json\/wp\/v2\/media?parent=183"}],"wp:term":[{"taxonomy":"product_brand","embeddable":true,"href":"https:\/\/www.hnlongtai.com\/tr\/wp-json\/wp\/v2\/product_brand?post=183"},{"taxonomy":"product_cat","embeddable":true,"href":"https:\/\/www.hnlongtai.com\/tr\/wp-json\/wp\/v2\/product_cat?post=183"},{"taxonomy":"product_tag","embeddable":true,"href":"https:\/\/www.hnlongtai.com\/tr\/wp-json\/wp\/v2\/product_tag?post=183"}],"curies":[{"name":"wp","href":"https:\/\/api.w.org\/{rel}","templated":true}]}}