{"id":182,"date":"2026-02-10T01:41:26","date_gmt":"2026-02-10T01:41:26","guid":{"rendered":"https:\/\/hnlongtai.com\/?post_type=product&#038;p=182"},"modified":"2026-03-25T05:41:52","modified_gmt":"2026-03-25T05:41:52","slug":"food-grade-titanium-dioxide","status":"publish","type":"product","link":"https:\/\/www.hnlongtai.com\/tr\/product\/food-grade-titanium-dioxide\/","title":{"rendered":"G\u0131da S\u0131n\u0131f\u0131 Titanyum Dioksit"},"content":{"rendered":"<div style=\"overflow-x: auto; width: 100%;\">\n<h3>G\u0131da S\u0131n\u0131f\u0131 Titanyum Dioksit<\/h3>\n<div>G\u0131da S\u0131n\u0131f\u0131 Titanyum Dioksit, y\u00fcksek safl\u0131kta, g\u00fc\u00e7l\u00fc beyazl\u0131k, ince par\u00e7ac\u0131klar ve m\u00fckemmel da\u011f\u0131l\u0131m sunar.Toksik de\u011fildir, kimyasal olarak stabildir ve E171 ve WHO\/FAO y\u00f6nergeleri dahil olmak \u00fczere k\u00fcresel g\u0131da g\u00fcvenli\u011fi standartlar\u0131n\u0131 kar\u015f\u0131lar. Tad\u0131 etkilemeden parlakl\u0131\u011f\u0131 ve opakl\u0131\u011f\u0131 artt\u0131r\u0131r, bu da onu \u015fekerler, unlu mamuller, tozlar ve kaplamalar i\u00e7in ideal k\u0131lar.<\/div>\n<div class=\"auto-hide-last-sibling-br paragraph_7884d paragraph-element\"><\/div>\n<table style=\"width: 100%; border-collapse: collapse;\">\n<tbody>\n<tr style=\"height: 21.00pt;\">\n<td class=\"et3\" style=\"height: 21pt; width: 719.8pt; text-align: center;\" colspan=\"3\" width=\"1439\" height=\"42\">G\u0131da S\u0131n\u0131f\u0131 Titanyum Dioksit<\/td>\n<\/tr>\n<tr style=\"height: 21.00pt;\">\n<td class=\"et3\" style=\"height: 21.00pt;\" height=\"42\">Dizin \u00d6\u011fesi<\/td>\n<td class=\"et3\">Birim<\/td>\n<td class=\"et3\">Y\u00f6netici Standartlar\u0131<\/td>\n<\/tr>\n<tr style=\"height: 21.00pt;\">\n<td class=\"et3\" style=\"height: 21.00pt;\" height=\"42\">Titanyum dioksit i\u00e7eri\u011fi<\/td>\n<td class=\"et4\">\uff05<\/td>\n<td class=\"et5\"><span class=\"font2\">\u2265<\/span><span class=\"font1\">99<\/span><\/td>\n<\/tr>\n<tr style=\"height: 21.00pt;\">\n<td class=\"et3\" style=\"height: 21.00pt;\" height=\"42\">Kurumada kay\u0131p<\/td>\n<td class=\"et4\">\uff05<\/td>\n<td class=\"et4\">\u22640,5<\/td>\n<\/tr>\n<tr style=\"height: 21.00pt;\">\n<td class=\"et3\" style=\"height: 21.00pt;\" height=\"42\">Ate\u015flemede kay\u0131p<\/td>\n<td class=\"et4\">\uff05<\/td>\n<td class=\"et3\">\u22640,5<\/td>\n<\/tr>\n<tr style=\"height: 21.00pt;\">\n<td class=\"et3\" style=\"height: 21.00pt;\" height=\"42\">Suda \u00e7\u00f6z\u00fcnen madde<\/td>\n<td class=\"et4\">\uff05<\/td>\n<td class=\"et3\">\u22640,3<\/td>\n<\/tr>\n<tr style=\"height: 21.00pt;\">\n<td class=\"et3\" style=\"height: 21.00pt;\" height=\"42\">Asitte \u00e7\u00f6z\u00fcnen madde<\/td>\n<td class=\"et4\">\uff05<\/td>\n<td class=\"et3\">\u22640,5<\/td>\n<\/tr>\n<tr style=\"height: 21.00pt;\">\n<td class=\"et3\" style=\"height: 21.00pt;\" height=\"42\">Kur\u015fun<\/td>\n<td class=\"et3\">ppm<\/td>\n<td class=\"et3\">\u226410<\/td>\n<\/tr>\n<tr style=\"height: 21.00pt;\">\n<td class=\"et3\" style=\"height: 21.00pt;\" height=\"42\">Arsenik<\/td>\n<td class=\"et3\">ppm<\/td>\n<td class=\"et3\">\u22641<\/td>\n<\/tr>\n<tr style=\"height: 21.00pt;\">\n<td class=\"et3\" style=\"height: 21.00pt;\" height=\"42\">Antimon<\/td>\n<td class=\"et3\">ppm<\/td>\n<td class=\"et3\">\u22642<\/td>\n<\/tr>\n<tr style=\"height: 21.00pt;\">\n<td class=\"et3\" style=\"height: 21.00pt;\" height=\"42\">Merk\u00fcr<\/td>\n<td class=\"et3\">ppm<\/td>\n<td class=\"et3\">\u22641<\/td>\n<\/tr>\n<tr style=\"height: 21.00pt;\">\n<td class=\"et3\" style=\"height: 21.00pt;\" height=\"42\">\u00c7inko<\/td>\n<td class=\"et3\">ppm<\/td>\n<td class=\"et3\">\u226450<\/td>\n<\/tr>\n<tr style=\"height: 21.00pt;\">\n<td class=\"et3\" style=\"height: 21.00pt;\" height=\"42\">Kadmiyum<\/td>\n<td class=\"et3\">ppm<\/td>\n<td class=\"et3\">\u22641<\/td>\n<\/tr>\n<\/tbody>\n<\/table>\n<p>Ambalaj: 25kg kraft ka\u011f\u0131t torba<\/p>\n<p>A\u00e7\u0131klamalar: Yukar\u0131daki veriler sadece referans i\u00e7indir Belirli uygulamalar i\u00e7in l\u00fctfen tedarik\u00e7iyle ileti\u015fime ge\u00e7in \u00dcr\u00fcn \u00f6zellikleri ilgili denetim raporuna tabidir.<\/p>\n<\/div>","protected":false},"excerpt":{"rendered":"<p>Bir g\u0131da katk\u0131 maddesi olarak titanyum dioksit, suda, \u00e7\u00f6z\u00fcc\u00fclerde, asitlerde ve alkalilerde \u00e7\u00f6z\u00fcnmeyen kokusuz, beyaz toz halindeki bir maddedir.Sabit \u00f6zellikler sergiler, g\u0131da \u00fcr\u00fcnlerinde beyazlatma etkileri sa\u011flar ve ultraviyole \u0131\u015f\u0131\u011fa kar\u015f\u0131 koruyucu koruma sunar.<\/p>","protected":false},"featured_media":3197,"comment_status":"open","ping_status":"closed","template":"","meta":[],"product_brand":[],"product_cat":[24],"product_tag":[],"class_list":{"0":"post-182","1":"product","2":"type-product","3":"status-publish","4":"has-post-thumbnail","6":"product_cat-food-grade-titanium-dioxide","8":"first","9":"instock","10":"shipping-taxable","11":"product-type-simple"},"_links":{"self":[{"href":"https:\/\/www.hnlongtai.com\/tr\/wp-json\/wp\/v2\/product\/182","targetHints":{"allow":["GET"]}}],"collection":[{"href":"https:\/\/www.hnlongtai.com\/tr\/wp-json\/wp\/v2\/product"}],"about":[{"href":"https:\/\/www.hnlongtai.com\/tr\/wp-json\/wp\/v2\/types\/product"}],"replies":[{"embeddable":true,"href":"https:\/\/www.hnlongtai.com\/tr\/wp-json\/wp\/v2\/comments?post=182"}],"wp:featuredmedia":[{"embeddable":true,"href":"https:\/\/www.hnlongtai.com\/tr\/wp-json\/wp\/v2\/media\/3197"}],"wp:attachment":[{"href":"https:\/\/www.hnlongtai.com\/tr\/wp-json\/wp\/v2\/media?parent=182"}],"wp:term":[{"taxonomy":"product_brand","embeddable":true,"href":"https:\/\/www.hnlongtai.com\/tr\/wp-json\/wp\/v2\/product_brand?post=182"},{"taxonomy":"product_cat","embeddable":true,"href":"https:\/\/www.hnlongtai.com\/tr\/wp-json\/wp\/v2\/product_cat?post=182"},{"taxonomy":"product_tag","embeddable":true,"href":"https:\/\/www.hnlongtai.com\/tr\/wp-json\/wp\/v2\/product_tag?post=182"}],"curies":[{"name":"wp","href":"https:\/\/api.w.org\/{rel}","templated":true}]}}