{"id":181,"date":"2026-02-10T01:40:15","date_gmt":"2026-02-10T01:40:15","guid":{"rendered":"https:\/\/hnlongtai.com\/?post_type=product&#038;p=181"},"modified":"2026-03-25T06:10:35","modified_gmt":"2026-03-25T06:10:35","slug":"scr-catalyst-titanium-dioxide","status":"publish","type":"product","link":"https:\/\/www.hnlongtai.com\/tr\/product\/scr-catalyst-titanium-dioxide\/","title":{"rendered":"SCR Kataliz\u00f6r Titanyum Dioksit"},"content":{"rendered":"<div style=\"overflow-x: auto; width: 100%;\">\n<table style=\"width: 100%; border-collapse: collapse;\">\n<tbody>\n<tr>\n<td style=\"text-align: center;\" colspan=\"3\" width=\"1643\">SCR Kataliz\u00f6r Titanyum Dioksit<\/td>\n<\/tr>\n<tr>\n<td>Dizin \u00d6\u011fesi<\/td>\n<td>Birim<\/td>\n<td>Y\u00f6netici Standartlar\u0131<\/td>\n<\/tr>\n<tr>\n<td>Titanyum dioksit i\u00e7eri\u011fi<\/td>\n<td>\uff05<\/td>\n<td>\u226790<\/td>\n<\/tr>\n<tr>\n<td>BET'e \u00f6zel y\u00fczey alan\u0131<\/td>\n<td>m2\/g<\/td>\n<td>90\u00b110<\/td>\n<\/tr>\n<tr>\n<td>Par\u00e7ac\u0131k \u00e7ap\u0131<\/td>\n<td>nm<\/td>\n<td>10\u201320<\/td>\n<\/tr>\n<tr>\n<td>Agrega par\u00e7ac\u0131k boyutu<\/td>\n<td>D50\u03bcm<\/td>\n<td>1,1\u00b10,3<\/td>\n<\/tr>\n<tr>\n<td>Rutil i\u00e7eri\u011fi<\/td>\n<td>\uff05<\/td>\n<td>\u22660.5<\/td>\n<\/tr>\n<tr>\n<td>PH( su s\u00fcspansiyonu)<\/td>\n<td><\/td>\n<td>1.2-3.0<\/td>\n<\/tr>\n<tr>\n<td>Ate\u015flemede kay\u0131p<\/td>\n<td>\uff05<\/td>\n<td>\u22665.0<\/td>\n<\/tr>\n<tr>\n<td>SO42 i\u00e7eri\u011fi<\/td>\n<td>\uff05<\/td>\n<td>1.5-3.5<\/td>\n<\/tr>\n<tr>\n<td>Fe2O3 i\u00e7eri\u011fi<\/td>\n<td>ppm<\/td>\n<td>\u2266100<\/td>\n<\/tr>\n<tr>\n<td>K2O i\u00e7eri\u011fi<\/td>\n<td>ppm<\/td>\n<td>\u2266100<\/td>\n<\/tr>\n<tr>\n<td>Na2O i\u00e7eri\u011fi<\/td>\n<td>ppm<\/td>\n<td>\u2266100<\/td>\n<\/tr>\n<tr>\n<td>105 \u00b0C U\u00e7ucu madde<\/td>\n<td>\uff05<\/td>\n<td>\u22663.0<\/td>\n<\/tr>\n<\/tbody>\n<\/table>\n<h3>SCR Kataliz\u00f6r Titanyum Dioksitlerin Uygulamalar\u0131<\/h3>\n<p>Yang\u0131n k\u00f6m\u00fcr\u00fc, akaryak\u0131t ve yakma ile enerji santralinden \u00e7\u0131kan egzoz gaz\u0131 i\u00e7in SCR kataliz\u00f6r\u00fc; kimya fabrikas\u0131ndan, petrol rafinerisinden, kok fabrikas\u0131ndan, cam \u00fcreticisinden \u00e7\u0131kan egzoz gaz\u0131; ara\u00e7 ve gemiden \u00e7\u0131kan egzoz gaz\u0131, nitrojen oksit ve dioksin.<\/p>\n<p>Ambalaj: 500kg dokuma \u00e7anta<\/p>\n<p>A\u00e7\u0131klamalar: Yukar\u0131daki veriler sadece referans i\u00e7indir Belirli uygulamalar i\u00e7in l\u00fctfen tedarik\u00e7iyle ileti\u015fime ge\u00e7in \u00dcr\u00fcn \u00f6zellikleri ilgili denetim raporuna tabidir.<\/p>\n<\/div>","protected":false},"excerpt":{"rendered":"<p>\u00d6ncelikle k\u00f6m\u00fcr yak\u0131tl\u0131, petrol yak\u0131tl\u0131 ve at\u0131k yakma enerji santrallerinin yan\u0131 s\u0131ra kimya, petrol rafinerisinden gelen baca gazlar\u0131ndaki nitrojen oksitlerin ve dioksinlerin ar\u0131t\u0131lmas\u0131 i\u00e7in gerekli kataliz\u00f6rlerin \u00fcretilmesi i\u00e7in uygun SCR nitrasyon kataliz\u00f6rlerinin \u00fcretiminde kullan\u0131l\u0131r. kokla\u015ft\u0131rma ve cam \u00fcretim tesislerinin yan\u0131 s\u0131ra otomobillerden ve gemilerden \u00e7\u0131kan egzoz gazlar\u0131.<\/p>","protected":false},"featured_media":3209,"comment_status":"open","ping_status":"closed","template":"","meta":[],"product_brand":[],"product_cat":[23],"product_tag":[],"class_list":{"0":"post-181","1":"product","2":"type-product","3":"status-publish","4":"has-post-thumbnail","6":"product_cat-scr-catalyst-titanium-dioxide","8":"first","9":"instock","10":"shipping-taxable","11":"product-type-simple"},"_links":{"self":[{"href":"https:\/\/www.hnlongtai.com\/tr\/wp-json\/wp\/v2\/product\/181","targetHints":{"allow":["GET"]}}],"collection":[{"href":"https:\/\/www.hnlongtai.com\/tr\/wp-json\/wp\/v2\/product"}],"about":[{"href":"https:\/\/www.hnlongtai.com\/tr\/wp-json\/wp\/v2\/types\/product"}],"replies":[{"embeddable":true,"href":"https:\/\/www.hnlongtai.com\/tr\/wp-json\/wp\/v2\/comments?post=181"}],"wp:featuredmedia":[{"embeddable":true,"href":"https:\/\/www.hnlongtai.com\/tr\/wp-json\/wp\/v2\/media\/3209"}],"wp:attachment":[{"href":"https:\/\/www.hnlongtai.com\/tr\/wp-json\/wp\/v2\/media?parent=181"}],"wp:term":[{"taxonomy":"product_brand","embeddable":true,"href":"https:\/\/www.hnlongtai.com\/tr\/wp-json\/wp\/v2\/product_brand?post=181"},{"taxonomy":"product_cat","embeddable":true,"href":"https:\/\/www.hnlongtai.com\/tr\/wp-json\/wp\/v2\/product_cat?post=181"},{"taxonomy":"product_tag","embeddable":true,"href":"https:\/\/www.hnlongtai.com\/tr\/wp-json\/wp\/v2\/product_tag?post=181"}],"curies":[{"name":"wp","href":"https:\/\/api.w.org\/{rel}","templated":true}]}}