{"id":93,"date":"2026-02-09T09:27:17","date_gmt":"2026-02-09T09:27:17","guid":{"rendered":"https:\/\/hnlongtai.com\/?page_id=93"},"modified":"2026-03-16T03:46:49","modified_gmt":"2026-03-16T03:46:49","slug":"shipping-policy","status":"publish","type":"page","link":"https:\/\/www.hnlongtai.com\/tr\/shipping-policy\/","title":{"rendered":"Nakliye Politikas\u0131"},"content":{"rendered":"<div data-elementor-type=\"wp-page\" data-elementor-id=\"93\" class=\"elementor elementor-93\" data-elementor-post-type=\"page\">\n\t\t\t\t<div class=\"elementor-element elementor-element-ed90499 e-flex e-con-boxed e-con e-parent\" data-id=\"ed90499\" data-element_type=\"container\" data-e-type=\"container\" data-settings=\"{&quot;background_background&quot;:&quot;classic&quot;}\">\n\t\t\t\t\t<div class=\"e-con-inner\">\n\t\t\t\t<div class=\"elementor-element elementor-element-bb9c1a8 elementor-widget elementor-widget-heading\" data-id=\"bb9c1a8\" data-element_type=\"widget\" data-e-type=\"widget\" data-widget_type=\"heading.default\">\n\t\t\t\t\t<h1 class=\"elementor-heading-title elementor-size-default\">Nakliye Politikas\u0131<\/h1>\t\t\t\t<\/div>\n\t\t\t\t<div class=\"elementor-element elementor-element-d262a50 elementor-icon-list--layout-inline elementor-list-item-link-full_width elementor-widget elementor-widget-icon-list\" data-id=\"d262a50\" data-element_type=\"widget\" data-e-type=\"widget\" data-widget_type=\"icon-list.default\">\n\t\t\t\t\t\t\t<ul class=\"elementor-icon-list-items elementor-inline-items\">\n\t\t\t\t\t\t\t<li class=\"elementor-icon-list-item elementor-inline-item\">\n\t\t\t\t\t\t\t\t\t\t\t<a href=\"https:\/\/www.hnlongtai.com\/tr\/\" target=\"_blank\" rel=\"noopener\">\n\n\t\t\t\t\t\t\t\t\t\t\t<span class=\"elementor-icon-list-text\">Ev<\/span>\n\t\t\t\t\t\t\t\t\t\t\t<\/a>\n\t\t\t\t\t\t\t\t\t<\/li>\n\t\t\t\t\t\t\t\t<li class=\"elementor-icon-list-item elementor-inline-item\">\n\t\t\t\t\t\t\t\t\t\t\t<span class=\"elementor-icon-list-icon\">\n\t\t\t\t\t\t\t<i aria-hidden=\"true\" class=\"lnr lnr-arrow-right-circle\"><\/i>\t\t\t\t\t\t<\/span>\n\t\t\t\t\t\t\t\t\t\t<span class=\"elementor-icon-list-text\">Nakliye Politikas\u0131<\/span>\n\t\t\t\t\t\t\t\t\t<\/li>\n\t\t\t\t\t\t<\/ul>\n\t\t\t\t\t\t<\/div>\n\t\t\t\t\t<\/div>\n\t\t\t\t<\/div>\n\t\t<div class=\"elementor-element elementor-element-ece51ba e-flex e-con-boxed e-con e-parent\" data-id=\"ece51ba\" data-element_type=\"container\" data-e-type=\"container\">\n\t\t\t\t\t<div class=\"e-con-inner\">\n\t\t\t\t<div class=\"elementor-element elementor-element-6b32755 elementor-widget elementor-widget-text-editor\" data-id=\"6b32755\" data-element_type=\"widget\" data-e-type=\"widget\" data-widget_type=\"text-editor.default\">\n\t\t\t\t\t\t\t\t\t<p>At<strong> Henan Longtai Yeni Malzemeler Co Ltd.\u00a0<\/strong>m\u00fc\u015fterilerimize \u00fcr\u00fcnlerimizin zaman\u0131nda ve verimli bir \u015fekilde teslim edilmesini sa\u011flamak i\u00e7in \u00e7al\u0131\u015f\u0131yoruz \u00dcr\u00fcnlerimizi hem yurt i\u00e7i hem de yurt d\u0131\u015f\u0131 m\u00fc\u015fterilere g\u00f6nderiyoruz.<\/p><h4><strong><b>Yurti\u00e7i Nakliye:<\/b><\/strong><\/h4><p>\u00dcr\u00fcnlerimizi, \u00fcr\u00fcne ve m\u00fc\u015fterinin konumuna ba\u011fl\u0131 olarak \u00e7e\u015fitli nakliye ta\u015f\u0131y\u0131c\u0131lar\u0131 arac\u0131l\u0131\u011f\u0131yla \u00c7in ana karas\u0131 i\u00e7erisinde g\u00f6nderiyoruz.<\/p><p>Yurti\u00e7i nakliye \u00fccretleri, \u00fcr\u00fcn\u00fcn a\u011f\u0131rl\u0131\u011f\u0131na ve boyutuna ve ayr\u0131ca nakliye hedefine ba\u011fl\u0131 olarak de\u011fi\u015febilir.<\/p><p>Yurt i\u00e7i g\u00f6nderiler i\u00e7in tahmini teslimat s\u00fcresi, nakliye ta\u015f\u0131y\u0131c\u0131s\u0131na ve nakliye var\u0131\u015f noktas\u0131na ba\u011fl\u0131 olarak genellikle 3-7 i\u015f g\u00fcn\u00fc i\u00e7indedir.<\/p><h4><strong><b>Uluslararas\u0131 Nakliye:<\/b><\/strong><\/h4><p>\u00dcr\u00fcnlerimizi, \u00fcr\u00fcne ve m\u00fc\u015fterinin konumuna ba\u011fl\u0131 olarak \u00e7e\u015fitli nakliye ta\u015f\u0131y\u0131c\u0131lar\u0131 arac\u0131l\u0131\u011f\u0131yla uluslararas\u0131 m\u00fc\u015fterilere g\u00f6nderiyoruz.<\/p><p>Uluslararas\u0131 nakliye \u00fccretleri, \u00fcr\u00fcn\u00fcn a\u011f\u0131rl\u0131\u011f\u0131na ve boyutuna ve ayr\u0131ca nakliye hedefine ba\u011fl\u0131 olarak de\u011fi\u015febilir.<\/p><p>Uluslararas\u0131 g\u00f6nderiler i\u00e7in tahmini teslim s\u00fcresi, g\u00f6nderim ta\u015f\u0131y\u0131c\u0131s\u0131na ve g\u00f6nderim yerine g\u00f6re de\u011fi\u015fir. Teslimat s\u00fcreleri, g\u00fcmr\u00fck ve kontrol\u00fcm\u00fcz d\u0131\u015f\u0131ndaki di\u011fer fakt\u00f6rlerden etkilenebilir.<\/p><p>Hedef \u00fclke taraf\u0131ndan uygulanabilecek herhangi bir g\u00fcmr\u00fck vergisi, vergi veya \u00fccretten sorumlu olmad\u0131\u011f\u0131m\u0131z\u0131 l\u00fctfen unutmay\u0131n. M\u00fc\u015fteri bu t\u00fcr \u00fccretlerden sorumludur.<\/p><p>Nakliye ile ilgili herhangi bir sorunuz veya endi\u015feniz varsa, l\u00fctfen adresinden bizimle ileti\u015fime ge\u00e7mekten \u00e7ekinmeyin <a href=\"mailto:heyson@longtai-materials.cn\">heyson@longtai-materials.cn<\/a><\/p>\t\t\t\t\t\t\t\t<\/div>\n\t\t\t\t\t<\/div>\n\t\t\t\t<\/div>\n\t\t\t\t<\/div>","protected":false},"excerpt":{"rendered":"<p>Shipping Policy Home Shipping Policy At Henan Longtai New Materials Co., Ltd.\u00a0we strive to provide timely and efficient delivery of our products to our customers. We ship our products to customers both domestically and internationally. Domestic Shipping: We ship our products within mainland China via various shipping carriers, depending on the product and the location [&hellip;]<\/p>\n","protected":false},"author":1,"featured_media":0,"parent":0,"menu_order":0,"comment_status":"closed","ping_status":"closed","template":"","meta":{"footnotes":""},"class_list":["post-93","page","type-page","status-publish","hentry"],"_links":{"self":[{"href":"https:\/\/www.hnlongtai.com\/tr\/wp-json\/wp\/v2\/pages\/93","targetHints":{"allow":["GET"]}}],"collection":[{"href":"https:\/\/www.hnlongtai.com\/tr\/wp-json\/wp\/v2\/pages"}],"about":[{"href":"https:\/\/www.hnlongtai.com\/tr\/wp-json\/wp\/v2\/types\/page"}],"author":[{"embeddable":true,"href":"https:\/\/www.hnlongtai.com\/tr\/wp-json\/wp\/v2\/users\/1"}],"replies":[{"embeddable":true,"href":"https:\/\/www.hnlongtai.com\/tr\/wp-json\/wp\/v2\/comments?post=93"}],"version-history":[{"count":10,"href":"https:\/\/www.hnlongtai.com\/tr\/wp-json\/wp\/v2\/pages\/93\/revisions"}],"predecessor-version":[{"id":3177,"href":"https:\/\/www.hnlongtai.com\/tr\/wp-json\/wp\/v2\/pages\/93\/revisions\/3177"}],"wp:attachment":[{"href":"https:\/\/www.hnlongtai.com\/tr\/wp-json\/wp\/v2\/media?parent=93"}],"curies":[{"name":"wp","href":"https:\/\/api.w.org\/{rel}","templated":true}]}}