{"id":81,"date":"2026-02-09T08:59:40","date_gmt":"2026-02-09T08:59:40","guid":{"rendered":"https:\/\/hnlongtai.com\/?page_id=81"},"modified":"2026-03-16T03:44:36","modified_gmt":"2026-03-16T03:44:36","slug":"refund-policy","status":"publish","type":"page","link":"https:\/\/www.hnlongtai.com\/tr\/refund-policy\/","title":{"rendered":"Geri \u00d6deme Politikas\u0131"},"content":{"rendered":"<div data-elementor-type=\"wp-page\" data-elementor-id=\"81\" class=\"elementor elementor-81\" data-elementor-post-type=\"page\">\n\t\t\t\t<div class=\"elementor-element elementor-element-15c3883 e-flex e-con-boxed e-con e-parent\" data-id=\"15c3883\" data-element_type=\"container\" data-e-type=\"container\" data-settings=\"{&quot;background_background&quot;:&quot;classic&quot;}\">\n\t\t\t\t\t<div class=\"e-con-inner\">\n\t\t\t\t<div class=\"elementor-element elementor-element-7f17638 elementor-widget elementor-widget-heading\" data-id=\"7f17638\" data-element_type=\"widget\" data-e-type=\"widget\" data-widget_type=\"heading.default\">\n\t\t\t\t\t<h1 class=\"elementor-heading-title elementor-size-default\">Geri \u00d6deme Politikas\u0131<\/h1>\t\t\t\t<\/div>\n\t\t\t\t<div class=\"elementor-element elementor-element-9697d1f elementor-icon-list--layout-inline elementor-list-item-link-full_width elementor-widget elementor-widget-icon-list\" data-id=\"9697d1f\" data-element_type=\"widget\" data-e-type=\"widget\" data-widget_type=\"icon-list.default\">\n\t\t\t\t\t\t\t<ul class=\"elementor-icon-list-items elementor-inline-items\">\n\t\t\t\t\t\t\t<li class=\"elementor-icon-list-item elementor-inline-item\">\n\t\t\t\t\t\t\t\t\t\t\t<a href=\"https:\/\/www.hnlongtai.com\/tr\/\" target=\"_blank\" rel=\"noopener\">\n\n\t\t\t\t\t\t\t\t\t\t\t<span class=\"elementor-icon-list-text\">Ev<\/span>\n\t\t\t\t\t\t\t\t\t\t\t<\/a>\n\t\t\t\t\t\t\t\t\t<\/li>\n\t\t\t\t\t\t\t\t<li class=\"elementor-icon-list-item elementor-inline-item\">\n\t\t\t\t\t\t\t\t\t\t\t<span class=\"elementor-icon-list-icon\">\n\t\t\t\t\t\t\t<i aria-hidden=\"true\" class=\"lnr lnr-arrow-right-circle\"><\/i>\t\t\t\t\t\t<\/span>\n\t\t\t\t\t\t\t\t\t\t<span class=\"elementor-icon-list-text\">Geri \u00d6deme Politikas\u0131<\/span>\n\t\t\t\t\t\t\t\t\t<\/li>\n\t\t\t\t\t\t<\/ul>\n\t\t\t\t\t\t<\/div>\n\t\t\t\t\t<\/div>\n\t\t\t\t<\/div>\n\t\t<div class=\"elementor-element elementor-element-cb8a9b9 e-flex e-con-boxed e-con e-parent\" data-id=\"cb8a9b9\" data-element_type=\"container\" data-e-type=\"container\">\n\t\t\t\t\t<div class=\"e-con-inner\">\n\t\t\t\t<div class=\"elementor-element elementor-element-74f47ce elementor-widget elementor-widget-text-editor\" data-id=\"74f47ce\" data-element_type=\"widget\" data-e-type=\"widget\" data-widget_type=\"text-editor.default\">\n\t\t\t\t\t\t\t\t\t<p>At <strong>Henan Longtai Yeni Malzemeler Co Ltd.<\/strong>\u00a0y\u00fcksek kaliteli \u00fcr\u00fcnler ve m\u00fckemmel m\u00fc\u015fteri hizmetleri sunmak i\u00e7in \u00e7al\u0131\u015f\u0131yoruz Bazen bir \u00fcr\u00fcn\u00fcn beklentilerinizi kar\u015f\u0131layamayabilece\u011fini anl\u0131yoruz B\u00f6yle bir durumda, \u00fcr\u00fcn\u00fc sat\u0131n alma tarihinden itibaren belirli bir s\u00fcre i\u00e7inde iade etmenizi sa\u011flayan bir geri \u00f6deme politikas\u0131 sunuyoruz.<\/p><p>L\u00fctfen sundu\u011fumuz herhangi bir \u00fcr\u00fcn\u00fcn sonucu hakk\u0131nda herhangi bir s\u00f6z veya garanti veremeyece\u011fimizi unutmay\u0131n. Y\u00fcksek kaliteli \u00fcr\u00fcnler sunmaya \u00e7al\u0131\u015f\u0131yoruz, ancak herhangi bir \u00fcr\u00fcn\u00fcn ba\u015far\u0131s\u0131 kontrol\u00fcm\u00fcz d\u0131\u015f\u0131nda olan \u00e7e\u015fitli fakt\u00f6rlere ba\u011fl\u0131d\u0131r. Bu nedenle, herhangi bir \u00fcr\u00fcn\u00fcn sonucuna g\u00f6re geri \u00f6deme sunamay\u0131z.<\/p><h4>Geri \u00f6deme politikam\u0131z \u015fu \u015fekildedir:<\/h4><p>\u00dcr\u00fcnden memnun de\u011filseniz iade almaya hak kazanabilirsiniz.<\/p><p>\u0130ade ba\u015flatmak i\u00e7in l\u00fctfen : adresinden bizimle ileti\u015fime ge\u00e7in <a href=\"mailto:heyson@longtai-materials.cn\">heyson@longtai-materials.cn<\/a><\/p><p>\u00dcr\u00fcn\u00fcn iadeye uygun olabilmesi i\u00e7in orijinal ambalaj\u0131nda ve yeni durumda olmas\u0131 gerekmektedir.<\/p><p>Nakliye ve ta\u015f\u0131ma \u00fccretleri iade edilmez.<\/p><p>\u00dcr\u00fcn\u00fc ald\u0131ktan sonra, de\u011ferlendirece\u011fiz ve bir iadenin uygun olup olmad\u0131\u011f\u0131n\u0131 belirleyece\u011fiz.<\/p><p>\u00dcr\u00fcn\u00fcn iade politikas\u0131 kriterlerimizi kar\u015f\u0131lamamas\u0131 durumunda iadeyi reddetme hakk\u0131m\u0131z\u0131 sakl\u0131 tuttu\u011fumuzu l\u00fctfen unutmay\u0131n.<\/p><p>Geri \u00f6deme politikam\u0131zla ilgili herhangi bir sorunuz veya endi\u015feniz varsa l\u00fctfen : adresinden bizimle ileti\u015fime ge\u00e7mekten \u00e7ekinmeyin <a href=\"mailto:heyson@longtai-materials.cn\">heyson@longtai-materials.cn<\/a><\/p>\t\t\t\t\t\t\t\t<\/div>\n\t\t\t\t\t<\/div>\n\t\t\t\t<\/div>\n\t\t\t\t<\/div>","protected":false},"excerpt":{"rendered":"<p>Refund Policy Home Refund Policy At Henan Longtai New Materials Co., Ltd.\u00a0we strive to provide high-quality products and excellent customer service. We understand that sometimes a product may not meet your expectations. In such an event, we offer a refund policy that allows you to return the product within a certain period of time from [&hellip;]<\/p>\n","protected":false},"author":1,"featured_media":0,"parent":0,"menu_order":0,"comment_status":"closed","ping_status":"closed","template":"","meta":{"footnotes":""},"class_list":["post-81","page","type-page","status-publish","hentry"],"_links":{"self":[{"href":"https:\/\/www.hnlongtai.com\/tr\/wp-json\/wp\/v2\/pages\/81","targetHints":{"allow":["GET"]}}],"collection":[{"href":"https:\/\/www.hnlongtai.com\/tr\/wp-json\/wp\/v2\/pages"}],"about":[{"href":"https:\/\/www.hnlongtai.com\/tr\/wp-json\/wp\/v2\/types\/page"}],"author":[{"embeddable":true,"href":"https:\/\/www.hnlongtai.com\/tr\/wp-json\/wp\/v2\/users\/1"}],"replies":[{"embeddable":true,"href":"https:\/\/www.hnlongtai.com\/tr\/wp-json\/wp\/v2\/comments?post=81"}],"version-history":[{"count":13,"href":"https:\/\/www.hnlongtai.com\/tr\/wp-json\/wp\/v2\/pages\/81\/revisions"}],"predecessor-version":[{"id":3174,"href":"https:\/\/www.hnlongtai.com\/tr\/wp-json\/wp\/v2\/pages\/81\/revisions\/3174"}],"wp:attachment":[{"href":"https:\/\/www.hnlongtai.com\/tr\/wp-json\/wp\/v2\/media?parent=81"}],"curies":[{"name":"wp","href":"https:\/\/api.w.org\/{rel}","templated":true}]}}