{"id":51,"date":"2026-02-09T08:48:41","date_gmt":"2026-02-09T08:48:41","guid":{"rendered":"https:\/\/hnlongtai.com\/?page_id=51"},"modified":"2026-03-16T03:38:43","modified_gmt":"2026-03-16T03:38:43","slug":"privacy-policy","status":"publish","type":"page","link":"https:\/\/www.hnlongtai.com\/tr\/privacy-policy\/","title":{"rendered":"Gizlilik Politikas\u0131"},"content":{"rendered":"<div data-elementor-type=\"wp-page\" data-elementor-id=\"51\" class=\"elementor elementor-51\" data-elementor-post-type=\"page\">\n\t\t\t\t<div class=\"elementor-element elementor-element-5f77f65 e-flex e-con-boxed e-con e-parent\" data-id=\"5f77f65\" data-element_type=\"container\" data-e-type=\"container\" data-settings=\"{&quot;background_background&quot;:&quot;classic&quot;}\">\n\t\t\t\t\t<div class=\"e-con-inner\">\n\t\t\t\t<div class=\"elementor-element elementor-element-36feb65 elementor-widget elementor-widget-heading\" data-id=\"36feb65\" data-element_type=\"widget\" data-e-type=\"widget\" data-widget_type=\"heading.default\">\n\t\t\t\t\t<h1 class=\"elementor-heading-title elementor-size-default\">Gizlilik Politikas\u0131<\/h1>\t\t\t\t<\/div>\n\t\t\t\t<div class=\"elementor-element elementor-element-6fb62a5 elementor-icon-list--layout-inline elementor-list-item-link-full_width elementor-widget elementor-widget-icon-list\" data-id=\"6fb62a5\" data-element_type=\"widget\" data-e-type=\"widget\" data-widget_type=\"icon-list.default\">\n\t\t\t\t\t\t\t<ul class=\"elementor-icon-list-items elementor-inline-items\">\n\t\t\t\t\t\t\t<li class=\"elementor-icon-list-item elementor-inline-item\">\n\t\t\t\t\t\t\t\t\t\t\t<a href=\"https:\/\/www.hnlongtai.com\/tr\/\" target=\"_blank\" rel=\"noopener\">\n\n\t\t\t\t\t\t\t\t\t\t\t<span class=\"elementor-icon-list-text\">Ev<\/span>\n\t\t\t\t\t\t\t\t\t\t\t<\/a>\n\t\t\t\t\t\t\t\t\t<\/li>\n\t\t\t\t\t\t\t\t<li class=\"elementor-icon-list-item elementor-inline-item\">\n\t\t\t\t\t\t\t\t\t\t\t<span class=\"elementor-icon-list-icon\">\n\t\t\t\t\t\t\t<i aria-hidden=\"true\" class=\"lnr lnr-arrow-right-circle\"><\/i>\t\t\t\t\t\t<\/span>\n\t\t\t\t\t\t\t\t\t\t<span class=\"elementor-icon-list-text\">Gizlilik Politikas\u0131<\/span>\n\t\t\t\t\t\t\t\t\t<\/li>\n\t\t\t\t\t\t<\/ul>\n\t\t\t\t\t\t<\/div>\n\t\t\t\t\t<\/div>\n\t\t\t\t<\/div>\n\t\t<div class=\"elementor-element elementor-element-33d3148 e-flex e-con-boxed e-con e-parent\" data-id=\"33d3148\" data-element_type=\"container\" data-e-type=\"container\">\n\t\t\t\t\t<div class=\"e-con-inner\">\n\t\t\t\t<div class=\"elementor-element elementor-element-a2b39f4 elementor-widget elementor-widget-text-editor\" data-id=\"a2b39f4\" data-element_type=\"widget\" data-e-type=\"widget\" data-widget_type=\"text-editor.default\">\n\t\t\t\t\t\t\t\t\t<p><strong>Henan Longtai Yeni Malzemeler Co Ltd.<\/strong>gizlili\u011finizi korumay\u0131 ve g\u00fcveninizi kazanmay\u0131 taahh\u00fct eder. \u201cLongtai New Materials ki\u015fisel bilgilerinizi ba\u015fkalar\u0131na satmaz, takas etmez veya kiralamaz. Bu politika \u201cLongtai New Materials Web sitesi i\u00e7in gizlilik uygulamalar\u0131n\u0131 a\u00e7\u0131klar. \u201cLongtai New Materials Web sitesinden hakk\u0131n\u0131zda toplad\u0131\u011f\u0131m\u0131z bilgileri, \u00fcr\u00fcn ve hizmetlerimizin kullan\u0131m\u0131 boyunca sipari\u015fleri i\u015fleme koymak ve sizinle bir ili\u015fki s\u00fcrd\u00fcrmek i\u00e7in kullan\u0131r\u0131z. Bu politika, ki\u015fisel bilgilerinizin nas\u0131l korundu\u011funu a\u00e7\u0131klar. Size gizlili\u011finiz ve ki\u015fisel bilgileriniz \u00fczerinde m\u00fcmk\u00fcn oldu\u011funca fazla kontrol vermek ve bunlar\u0131 i\u015fimizde kullanmak niyetindeyiz.<\/p><h4><strong><b>NASIL YAPAR\u00a0<\/b><\/strong><strong><b>Longtai New Materials<\/b><\/strong><strong><b>\u00a0BILGILERIMI KULLANMAK?<\/b><\/strong><\/h4><p>Y\u00fcksek kaliteli bir kullan\u0131c\u0131 deneyimi sunmam\u0131za yard\u0131mc\u0131 olmak ve m\u00fc\u015fterilerimizi daha iyi anlamam\u0131z i\u00e7in Longtai New Materials'ye yard\u0131mc\u0131 olmak i\u00e7in ki\u015fisel bilgiler topluyoruz. Longtai New Materials ki\u015fisel bilgilerinizi ba\u015fkalar\u0131na satmaz, takas etmez veya kiralamaz. Bize vermeyi se\u00e7ti\u011finiz ki\u015fisel bilgiler, Longtai New Materials'nin Longtai New Materials E\u011fitim Merkezinin \u00fccretsiz deneme talebini i\u015flemesine ve yerine getirmesine olanak tan\u0131r. Ayr\u0131ca, sipari\u015finizi i\u015flemek ve tamamlamak i\u00e7in \u00fcr\u00fcn ve hizmetlerimizi sipari\u015f etmeyi se\u00e7meniz ve sipari\u015f durumunuzu size bildirmeniz durumunda bu bilgileri kullan\u0131r\u0131z.<br \/>1. Bize verdi\u011finiz ki\u015fisel bilgileri, size Longtai New Materials \u00fcr\u00fcn ve hizmetleri hakk\u0131nda g\u00fcncel bilgiler sunmak i\u00e7in kullan\u0131r\u0131z.<br \/>2. Toplad\u0131\u011f\u0131m\u0131z bilgileri, Web sitesine i\u015flevsellikteki \u00f6nemli de\u011fi\u015fiklikler, yeni Longtai New Materials hizmetleri ve \u00fcr\u00fcnleri ve de\u011ferli bulaca\u011f\u0131n\u0131z\u0131 d\u00fc\u015f\u00fcnd\u00fc\u011f\u00fcm\u00fcz \u00f6zel teklifler hakk\u0131nda zaman zaman sizi bilgilendirmek i\u00e7in kullanabiliriz.<br \/>3. Longtai New Materials veya ortaklar\u0131 taraf\u0131ndan desteklenen bir yar\u0131\u015fmaya veya promosyona kat\u0131lmak i\u00e7in bize ki\u015fisel bilgiler verdi\u011finizde, bu bilgileri yar\u0131\u015fmay\u0131 y\u00f6netmek ve kazananlar\u0131 bilgilendirmek i\u00e7in kullan\u0131r\u0131z. Bu t\u00fcr yar\u0131\u015fmalar ve promosyonlarla ilgili t\u00fcm bilgileri saklar\u0131z.<br \/>4. Bize verdi\u011finiz ki\u015fisel bilgileri kullanarak m\u00fc\u015fterilerimize hedefli reklamlar veya promosyonlar sunaca\u011f\u0131z. Reklamverenlerin bireysel hesap bilgilerine eri\u015fmesine izin vermiyoruz. Bu reklamlar genellikle banner reklamlar ve promosyon E-postalar\u0131d\u0131r.<br \/>5. Ayr\u0131ca, \u00e7evrimi\u00e7i anket arac\u0131m\u0131zda bize verdi\u011finiz bilgilere dayanarak kullan\u0131c\u0131lar\u0131m\u0131z\u0131n demografik \u00f6zelliklerini, ilgi alanlar\u0131n\u0131 ve davran\u0131\u015flar\u0131n\u0131 ara\u015ft\u0131r\u0131r\u0131z.Bu bilgileri toplu veya anonim olarak derler ve analiz ederiz.<br \/>6. Toplad\u0131\u011f\u0131m\u0131z IP adreslerini, toplu veya anonim bilgileri reklamverenlerimize bildirmek i\u00e7in kullan\u0131r\u0131z.\u00a0<\/p><h4><strong><b>KIM BILGI TOPLUYOR?<\/b><\/strong><\/h4><p>Bir Longtai New Materials sitesinde ki\u015fisel bilgilerinizi verdi\u011finizde, size \u00f6zellikle aksi s\u00f6ylenmedik\u00e7e bu bilgileri yaln\u0131zca Longtai New Materials ile payla\u015f\u0131rs\u0131n\u0131z.Longtai New Materials d\u0131\u015f\u0131ndaki bir \u015firket ki\u015fisel verilerinizi Web sitemizden topluyor veya muhafaza ediyorsa, bu bilgileri toplamadan veya aktarmadan \u00f6nce size bilgi verilmemesini her zaman se\u00e7ebilirsiniz.Longtai New Materials sponsor promosyonlar\u0131 d\u0131\u015f\u0131ndaki \u015firketler, bu promosyonlarla ba\u011flant\u0131l\u0131 olarak Longtai New Materials sitesinde toplanan veriler sponsorla payla\u015f\u0131labilir.Bir kez daha, e\u011fer durum buysa, veriler toplanmadan veya aktar\u0131lmadan \u00f6nce size bilgi verilecektir ve kat\u0131lmamaya karar verebilirsiniz.Bu promosyonlar\u0131n \u00e7o\u011fu Amerika Birle\u015fik Devletleri veya Kuzey Amerika'da ikamet edenlerle s\u0131n\u0131rl\u0131d\u0131r. Di\u011fer \u00fc\u00e7\u00fcnc\u00fc taraf Web sitelerine gitmek i\u00e7in ba\u011flant\u0131lar\u0131 kullanarak Web sitemizden ayr\u0131l\u0131rsan\u0131z, s\u00f6z konusu \u00fc\u00e7\u00fcnc\u00fc taraflar sizin hakk\u0131n\u0131zda bilgi toplayabilir. Bu gizlilik politikas\u0131 s\u00f6z konusu i\u015fletmelerin uygulamalar\u0131n\u0131 kapsamamaktad\u0131r.<\/p><h4><strong><b>YAPAR\u00a0<\/b><\/strong><strong><b>Longtai New Materials<\/b><\/strong><strong><b>\u00a0BILGILERIMI PAYLA\u015eMAK?<\/b><\/strong><\/h4><p>Bu politikada belirtilenin d\u0131\u015f\u0131nda, Longtai New Materials ki\u015fisel bilgilerinizin hi\u00e7birini izniniz olmadan \u00fc\u00e7\u00fcnc\u00fc taraflara if\u015fa etmez.Daha fazla bilgi edinmek i\u00e7in a\u015fa\u011f\u0131daki b\u00f6l\u00fcmleri okuyun.<\/p><h4><strong><b>DI\u011eER DURUMLAR<\/b><\/strong><\/h4><p>Longtai New Materials ayr\u0131ca, haklar\u0131m\u0131za veya m\u00fclkiyet haklar\u0131m\u0131za, kullan\u0131c\u0131 haklar\u0131na veya di\u011fer haklara zarar verebilecek veya bunlara m\u00fcdahale edebilecek birini tan\u0131mlamak, ileti\u015fim kurmak veya ona kar\u015f\u0131 yasal i\u015flem ba\u015flatmak i\u00e7in a\u00e7\u0131klaman\u0131n gerekli oldu\u011fu durumlarda bilgilerinizi a\u00e7\u0131klayabilir. Ayn\u0131 \u015fekilde, Longtai New Materials, a\u00e7\u0131klaman\u0131n kanunen gerekli oldu\u011funa makul bir \u015fekilde inand\u0131\u011f\u0131m\u0131zda veya Longtai New Materials veya Web sitesinde sunulan yasal bir s\u00fcrece uymak i\u00e7in ki\u015fisel bilgilerinizi, Longtai New Materials kullan\u0131c\u0131lar\u0131n\u0131n, Web sitesinin veya kamunun ki\u015fisel g\u00fcvenli\u011fini korumak i\u00e7in acil ko\u015fullar alt\u0131nda hareket etmemiz gerekti\u011fine iyi niyetle inanarak a\u00e7\u0131klayabiliriz.<\/p><h4><strong><b>NASIL YAPAR<\/b><\/strong><strong><b>Longtai New Materials<\/b><\/strong><strong><b>\u00a0KREDI KARTINIZI VE FINANSAL BILGILERINIZI KORUYUN?<\/b><\/strong><\/h4><p>Kredi kart\u0131 ve finansal hesap bilgilerinizin gizlili\u011fini korumay\u0131 taahh\u00fct ediyoruz Finansal veya kredi kart\u0131 bilgilerinizi satm\u0131yoruz, takas etmiyoruz veya kiralam\u0131yoruz Bu bilgileri izniniz olmadan kimsenin kullan\u0131m\u0131na sunmuyoruz M\u00fc\u015fterilerimiz hakk\u0131nda istatistiksel verileri reklamverenlere, ortaklara, sat\u0131c\u0131lara ve di\u011fer sayg\u0131n \u00fc\u00e7\u00fcnc\u00fc taraflara sa\u011flayabiliriz Bu veriler yaln\u0131zca toplu veya anonim verilerden olu\u015fur ve ki\u015fisel olarak tan\u0131mlanabilir herhangi bir bilgi i\u00e7ermez. \u00d6rne\u011fin, belirli bir \u00fcr\u00fcn\u00fc sat\u0131n ald\u0131\u011f\u0131n\u0131z\u0131 a\u00e7\u0131klamayaca\u011f\u0131z, ancak belirli bir \u00fcr\u00fcn\u00fc ka\u00e7 m\u00fc\u015fterinin sat\u0131n ald\u0131\u011f\u0131na ili\u015fkin istatistikleri a\u00e7\u0131klayabiliriz. Web sitemize kredi kart\u0131 bilgilerini girdi\u011finizde, bilgileri end\u00fcstri standard\u0131, g\u00fcvenli soket katman\u0131 (SSL) \u015fifrelemesini kullanarak \u015fifrelenmi\u015f bi\u00e7imde iletiriz.<\/p><h4><strong><b>K\u0130\u015e\u0130SEL VER\u0130LER\u0130N\u0130ZLE \u0130LG\u0130L\u0130 HAKLARINIZ<\/b><\/strong><\/h4><p>Bu Gizlilik ve \u00c7erez Politikas\u0131 kapsam\u0131nda ve AB i\u00e7indeyseniz yasa gere\u011fi a\u015fa\u011f\u0131daki haklara sahipsiniz:<\/p><p>-Ki\u015fisel Verilerinize eri\u015fim isteyin AB i\u00e7indeyseniz, bu, hakk\u0131n\u0131zda tuttu\u011fumuz Ki\u015fisel Verilerin bir kopyas\u0131n\u0131 alman\u0131z\u0131 ve yasal olarak i\u015fledi\u011fimizi kontrol etmenizi sa\u011flar.<br \/>-Hakk\u0131n\u0131zda tuttu\u011fumuz Ki\u015fisel Verilerin d\u00fczeltilmesini talep edin. Bu, hakk\u0131n\u0131zda tuttu\u011fumuz eksik veya yanl\u0131\u015f bilgilerin d\u00fczeltilmesini sa\u011flar.<br \/>-Ki\u015fisel Verilerinizin silinmesini talep edin. Bu, i\u015flemeye devam etmemiz i\u00e7in iyi bir nedenin bulunmad\u0131\u011f\u0131 durumlarda Ki\u015fisel Verileri silmemizi veya kald\u0131rmam\u0131z\u0131 istemenizi sa\u011flar. Ayr\u0131ca, AB i\u00e7indeyseniz, i\u015flemeye itiraz etme hakk\u0131n\u0131z\u0131 kulland\u0131\u011f\u0131n\u0131z durumlarda Ki\u015fisel Verilerinizi silmemizi veya kald\u0131rmam\u0131z\u0131 isteme hakk\u0131na da sahipsiniz (a\u015fa\u011f\u0131ya bak\u0131n).<br \/>-Ki\u015fisel Verilerinizin i\u015flenmesine tabidir. Bu hak, i\u015flememizin yasal dayana\u011f\u0131 olarak me\u015fru bir menfaate dayand\u0131\u011f\u0131m\u0131z ve \u00f6zel durumunuzla ilgili bir \u015feyin oldu\u011fu durumlarda mevcuttur, bu da Ki\u015fisel Verilerinizin bu gerek\u00e7eyle i\u015flenmesine itiraz etme iste\u011finizi do\u011furur. Ayr\u0131ca, Ki\u015fisel Verilerinizi do\u011frudan pazarlama amac\u0131yla i\u015fledi\u011fimiz yerlere de itiraz etme hakk\u0131na sahipsiniz.<br \/>-Ki\u015fisel Verilerinizin i\u015flenmesinin k\u0131s\u0131tlanmas\u0131n\u0131 talep edin. Bu, \u00f6rne\u011fin do\u011frulu\u011funu veya i\u015flenme nedenini belirlememizi istiyorsan\u0131z, hakk\u0131n\u0131zdaki Ki\u015fisel Verilerin i\u015flenmesini ask\u0131ya almam\u0131z\u0131 istemenizi sa\u011flar.<br \/>-Ki\u015fisel Verilerinizin aktar\u0131lmas\u0131n\u0131 talep edin. AB i\u00e7indeyseniz, size veya se\u00e7ti\u011finiz \u00fc\u00e7\u00fcnc\u00fc bir tarafa Ki\u015fisel Verilerinizi yap\u0131land\u0131r\u0131lm\u0131\u015f, yayg\u0131n olarak kullan\u0131lan, makine taraf\u0131ndan okunabilir bir formatta sa\u011flayaca\u011f\u0131z. Bu hakk\u0131n yaln\u0131zca ba\u015flang\u0131\u00e7ta kullanmam\u0131za izin verdi\u011finiz otomatik bilgiler veya bilgileri sizinle bir s\u00f6zle\u015fme yapmak i\u00e7in kulland\u0131\u011f\u0131m\u0131z yerler i\u00e7in ge\u00e7erli oldu\u011funu unutmay\u0131n.<br \/>-R\u0131zay\u0131 geri \u00e7ek. Bu hak yaln\u0131zca Ki\u015fisel Verilerinizi i\u015flemek i\u00e7in r\u0131zaya g\u00fcvendi\u011fimiz durumlarda mevcuttur (\u201cR\u0131za \u00c7ekme\u201d). R\u0131zan\u0131z\u0131 geri \u00e7ekerseniz, Sitemizin belirli i\u015flevlerine eri\u015fmenizi sa\u011flayamayabiliriz. Onay\u0131n\u0131z\u0131 geri \u00e7ekti\u011finiz s\u0131rada durumun b\u00f6yle olup olmad\u0131\u011f\u0131n\u0131 size bildirece\u011fiz<\/p><h4><strong><b>\u015eIKAYETLER<\/b><\/strong><\/h4><p>Bu Gizlilik Politikas\u0131 veya Ki\u015fisel Verilerinizle ilgili uygulamalar\u0131m\u0131zla ilgili bir \u015fikayette bulunmak isterseniz, l\u00fctfen \u015fu adresten bizimle ileti\u015fime ge\u00e7in:<a href=\"mailto:heyson@longtai-materials.cn\">heyson@longtai-materials.cn<\/a><\/p><p>\u015eikayetinize elimizden geldi\u011fince k\u0131sa s\u00fcrede cevap verece\u011fiz.<\/p><p>\u015eikayetinizin yeterince \u00e7\u00f6z\u00fclmedi\u011fini d\u00fc\u015f\u00fcn\u00fcyorsan\u0131z, AB'deyseniz GDPR'nin size yerel veri koruma denetleme makam\u0131n\u0131zla ileti\u015fime ge\u00e7me hakk\u0131 verdi\u011fini l\u00fctfen unutmay\u0131n.<\/p><p>G\u00fcnl\u00fck Dosyalar\u0131: G\u00fcnl\u00fck dosyas\u0131 bilgileri, bir web sayfas\u0131na her eri\u015fti\u011finizde taray\u0131c\u0131n\u0131z taraf\u0131ndan otomatik olarak raporlan\u0131r Hizmetleri kulland\u0131\u011f\u0131n\u0131zda, sunucular\u0131m\u0131z web taray\u0131c\u0131n\u0131z\u0131n herhangi bir web sitesini her ziyaret etti\u011finizde g\u00f6nderdi\u011fi belirli bilgileri otomatik olarak kaydeder.Bu sunucu g\u00fcnl\u00fckleri, web iste\u011finiz, \u0130nternet Protokol\u00fc adresiniz, taray\u0131c\u0131 t\u00fcr\u00fcn\u00fcz, y\u00f6nlendiren \/ \u00e7\u0131k\u0131\u015f sayfalar\u0131n\u0131z ve URL'leriniz, t\u0131klama say\u0131n\u0131z, alan adlar\u0131n\u0131z, a\u00e7\u0131l\u0131\u015f sayfalar\u0131n\u0131z, g\u00f6r\u00fcnt\u00fclenen sayfalar ve benzeri di\u011fer bilgileri i\u00e7erebilir.<\/p><h4><strong><b>KI\u015eISEL VERILERINIZI NE KADAR S\u00dcRE SAKLIYORUZ<\/b><\/strong><\/h4><p>Hesab\u0131n\u0131z aktif oldu\u011fu s\u00fcrece veya Ki\u015fisel Verilerinizi Nas\u0131l Kullan\u0131yoruz ve Neden'de belirtilen ama\u00e7lar i\u00e7in makul bir \u015fekilde ihtiya\u00e7 duyuldu\u011fu s\u00fcrece, Ki\u015fisel Verilerinizi Ki\u015fisel Verilerinize \u0130li\u015fkin Haklar\u0131n\u0131z'da a\u00e7\u0131kland\u0131\u011f\u0131 \u015fekilde kald\u0131rmam\u0131z\u0131 talep etmedi\u011finiz s\u00fcrece, Ki\u015fisel Verilerinizi yaln\u0131zca, yasalar\u0131n daha uzun bir saklama s\u00fcresi gerektirmedi\u011fi s\u00fcrece (\u00f6rne\u011fin d\u00fczenleme ama\u00e7lar\u0131 i\u00e7in) bu ama\u00e7lar i\u00e7in kullanmam\u0131z gereken s\u00fcre boyunca saklayaca\u011f\u0131z. Bu, hesab\u0131n\u0131z\u0131 me\u015fru ticari \u00e7\u0131karlar\u0131 takip etmemiz, denetimler yapmam\u0131z, yasal y\u00fck\u00fcml\u00fcl\u00fcklere uymam\u0131z (ve bunlara uydu\u011funuzu g\u00f6stermemiz), anla\u015fmazl\u0131klar\u0131 \u00e7\u00f6zmemiz ve s\u00f6zle\u015fmelerimizi uygulamam\u0131z i\u00e7in gereken s\u00fcre boyunca hesab\u0131n\u0131z\u0131 devre d\u0131\u015f\u0131 b\u0131rakt\u0131ktan sonra Ki\u015fisel Verilerinizi saklamay\u0131 i\u00e7erebilir.<\/p><h3><strong><b>\u00c7erezler Nedir ve Nas\u0131l Yap\u0131l\u0131r\u00a0<\/b><\/strong><strong><b>Longtai New Materials<\/b><\/strong><strong><b>\u00a0Onlar\u0131 Kullanmak?<\/b><\/strong><\/h3><p>\u00d6\u011frenme y\u00f6netim sistemimizin baz\u0131 b\u00f6l\u00fcmleri, bir kullan\u0131c\u0131y\u0131 hemen tan\u0131yabilmesi ve daha sonra sistemdeki i\u015flevsellikle ili\u015fkili farkl\u0131 izinler atayabilmesi i\u00e7in \u201c\u00e7erezler\u201d kullan\u0131r. \u201c\u00c7erez\u201d, taray\u0131c\u0131n\u0131za bir web sunucusundan g\u00f6nderilen ve taray\u0131c\u0131n\u0131z taraf\u0131ndan bilgisayar\u0131n\u0131z\u0131n sabit diskinde saklanan bir veri y\u0131\u011f\u0131n\u0131d\u0131r. Giri\u015f yapmadan veya \u00f6zelle\u015ftirmeden \u00f6nce taray\u0131c\u0131 ayarlar\u0131n\u0131z\u0131n \u00e7erezleri kabul edecek \u015fekilde ayarlanmas\u0131 gerekir. Taray\u0131c\u0131lar\u0131n \u00e7o\u011fu \u00e7erezleri kabul edecek \u015fekilde ayarlanm\u0131\u015ft\u0131r, ancak genellikle taray\u0131c\u0131 ayarlar\u0131n\u0131z\u0131 bunlar\u0131 reddedecek \u015fekilde de\u011fi\u015ftirebilirsiniz. Longtai New Materials, bilgisayar\u0131n\u0131zdan hakk\u0131n\u0131zdaki ki\u015fisel bilgileri almak i\u00e7in \u00e7erezleri kullanmaz. Bu politika, web sitemizdeki herhangi bir reklamveren taraf\u0131ndan \u00e7erez kullan\u0131m\u0131n\u0131 kapsamaz. Longtai New Materials \u00e7erezleri \u015fu ama\u00e7larla kullan\u0131r:<\/p><ul><li>Hesap bilgilerinize eri\u015febilmeniz i\u00e7in Longtai New MaterialsTraining Center'\u0131n\u0131za giri\u015f yapt\u0131\u011f\u0131n\u0131zda ad\u0131n\u0131z\u0131 ve hesap bilgilerinizi bulun.Giri\u015f yapt\u0131\u011f\u0131n\u0131zda \u00e7erez ayarlan\u0131r, \u00e7\u0131k\u0131\u015f yapt\u0131\u011f\u0131n\u0131zda \u00e7erez de\u011fi\u015ftirilir.<\/li><li>Kitlemizin boyutunu tahmin edin Sitemizi ziyaret eden her taray\u0131c\u0131ya benzersiz bir \u00e7erez verilir ve bu \u00e7erez daha sonra tekrarlanan ziyaretlerin kapsam\u0131n\u0131 ve benzersiz ziyaret\u00e7i say\u0131s\u0131n\u0131 belirlemek i\u00e7in kullan\u0131l\u0131r.<\/li><\/ul><h3><strong><b>R\u0131zan\u0131z<\/b><\/strong><\/h3><p>Web sitemizi kullanarak, bu bilgilerin Longtai New Materials taraf\u0131ndan toplanmas\u0131na ve kullan\u0131lmas\u0131na izin vermi\u015f olursunuz Gizlilik politikam\u0131z\u0131 de\u011fi\u015ftirmeye karar verirsek, hangi bilgileri toplad\u0131\u011f\u0131m\u0131zdan, nas\u0131l kulland\u0131\u011f\u0131m\u0131zdan ve hangi ko\u015fullar alt\u0131nda if\u015fa etti\u011fimizden her zaman haberdar olman\u0131z i\u00e7in bu de\u011fi\u015fiklikleri bu sayfada yay\u0131nlayaca\u011f\u0131z.<\/p><h4><strong><b>Opt-In \/ Opt-Out Politikas\u0131<\/b><\/strong><\/h4><p>Kay\u0131t veya ki\u015fisel bilgilerin sunulmas\u0131 \u00fczerine, Longtai New Materials size Longtai New Materials'den daha fazla ileti\u015fim alma konusunda bir se\u00e7enek sunar.Bu ileti\u015fimleri almay\u0131 se\u00e7erseniz, Longtai New Materials size zaman zaman ilginizi \u00e7ekebilece\u011fini d\u00fc\u015f\u00fcnd\u00fc\u011f\u00fcm\u00fcz \u00fcr\u00fcn ve hizmetler hakk\u0131nda E-postalar veya posta postalar\u0131 g\u00f6nderir.Bu teklifleri almamak i\u00e7in, her E-postada yer alan \u201cabonelikten \u00e7\u0131kma\u201d talimatlar\u0131n\u0131 izlemeniz yeterlidir.<\/p><p>E-posta yoluyla Longtai New Materials'den bilgi almay\u0131 durdurmay\u0131 tercih ederseniz, her bir E-postada yer alan talimatlar\u0131 izleyerek bu ileti\u015fimleri almay\u0131 devre d\u0131\u015f\u0131 b\u0131rakabilirsiniz.Longtai New Materials par\u00e7alar\u0131ndan posta yoluyla bilgi almay\u0131 durdurmay\u0131 tercih ederseniz, adresinden bizimle ileti\u015fime ge\u00e7in<\/p><p><a href=\"mailto:heyson@longtai-materials.cn\">heyson@longtai-materials.cn<\/a><\/p><p>\u00a0Longtai New Materials ki\u015fisel bilgilerinizi ba\u015fkalar\u0131na satmaz, takas etmez veya kiralamaz.<\/p><h4><strong><b>Web Sitesiyle \u0130leti\u015fime Ge\u00e7mek<\/b><\/strong><\/h4><p>Bu gizlilik politikas\u0131, bu sitenin uygulamalar\u0131 veya bu Web sitesiyle olan ili\u015fkileriniz hakk\u0131nda herhangi bir sorunuz varsa l\u00fctfen a\u015fa\u011f\u0131dakilerle ileti\u015fime ge\u00e7in:<a href=\"mailto:heyson@longtai-materials.cn\">heyson@longtai-materials.cn<\/a><\/p>\t\t\t\t\t\t\t\t<\/div>\n\t\t\t\t\t<\/div>\n\t\t\t\t<\/div>\n\t\t\t\t<\/div>","protected":false},"excerpt":{"rendered":"<p>Privacy Policy Home Privacy Policy Henan Longtai New Materials Co., Ltd.is committed to protecting your privacy and earning your trust. \u201cLongtai New Materials\u00a0does not sell, trade, or rent your personal information to others. This policy discloses the privacy practices for the \u201cLongtai New Materials\u00a0Web site. We use the information we collect about you from the [&hellip;]<\/p>\n","protected":false},"author":1,"featured_media":0,"parent":0,"menu_order":0,"comment_status":"closed","ping_status":"closed","template":"","meta":{"footnotes":""},"class_list":["post-51","page","type-page","status-publish","hentry"],"_links":{"self":[{"href":"https:\/\/www.hnlongtai.com\/tr\/wp-json\/wp\/v2\/pages\/51","targetHints":{"allow":["GET"]}}],"collection":[{"href":"https:\/\/www.hnlongtai.com\/tr\/wp-json\/wp\/v2\/pages"}],"about":[{"href":"https:\/\/www.hnlongtai.com\/tr\/wp-json\/wp\/v2\/types\/page"}],"author":[{"embeddable":true,"href":"https:\/\/www.hnlongtai.com\/tr\/wp-json\/wp\/v2\/users\/1"}],"replies":[{"embeddable":true,"href":"https:\/\/www.hnlongtai.com\/tr\/wp-json\/wp\/v2\/comments?post=51"}],"version-history":[{"count":46,"href":"https:\/\/www.hnlongtai.com\/tr\/wp-json\/wp\/v2\/pages\/51\/revisions"}],"predecessor-version":[{"id":3171,"href":"https:\/\/www.hnlongtai.com\/tr\/wp-json\/wp\/v2\/pages\/51\/revisions\/3171"}],"wp:attachment":[{"href":"https:\/\/www.hnlongtai.com\/tr\/wp-json\/wp\/v2\/media?parent=51"}],"curies":[{"name":"wp","href":"https:\/\/api.w.org\/{rel}","templated":true}]}}